{"id":929,"date":"2023-02-28T21:15:00","date_gmt":"2023-02-28T21:15:00","guid":{"rendered":"https:\/\/yasesteticafigueres.com\/?page_id=929"},"modified":"2025-09-22T11:55:31","modified_gmt":"2025-09-22T09:55:31","slug":"aviso-legal","status":"publish","type":"page","link":"https:\/\/yasesteticafigueres.com\/fr\/aviso-legal\/","title":{"rendered":"Avis juridique"},"content":{"rendered":"<ol>\n<li class=\"bodytext\">El titular de este sitio web es Yas est\u00e8tica Figueres, con N.I.F. 40443696J, con domicilio en <a tabindex=\"0\" href=\"https:\/\/www.google.com\/url?sa=t&amp;source=web&amp;rct=j&amp;opi=89978449&amp;url=\/maps\/place\/\/data%3D!4m2!3m1!1s0x12ba8dc9684d3d6f:0x2b8b28a8d6ff84e9%3Fsa%3DX%26ved%3D1t:8290%26ictx%3D111&amp;ved=2ahUKEwi22vS4iOyPAxXIUqQEHQKMIBEQ4kB6BAgqEAM&amp;usg=AOvVaw0ZXlR6KMAQy4h-etK-430b\" target=\"_blank\" rel=\"noopener\" data-url=\"\/maps\/place\/\/data=!4m2!3m1!1s0x12ba8dc9684d3d6f:0x2b8b28a8d6ff84e9?sa=X&amp;ved=2ahUKEwi22vS4iOyPAxXIUqQEHQKMIBEQ4kB6BAgGEAA\">Carrer Nou, 90, 17600 Figueres, Girona<\/a>.<\/li>\n<li class=\"bodytext\">L&#039;acc\u00e8s au site Yas est\u00e8tica Figueres est gratuit. Tout le contenu est la propri\u00e9t\u00e9 intellectuelle de Yas est\u00e8tica Figueres. Toute utilisation de la m\u00eame contraire aux normes dans le domaine de la propri\u00e9t\u00e9 intellectuelle, seront poursuivis en vertu de la l\u00e9gislation en vigueur.<\/li>\n<\/ol>","protected":false},"excerpt":{"rendered":"<p>El titular de este sitio web es Yas est\u00e8tica Figueres, con N.I.F. 40443696J, con domicilio en Carrer Nou, 90, 17600 Figueres, Girona. El acceso al site de Yas est\u00e8tica Figueres es gratuito. Todo el contenido es propiedad intelectual de Yas est\u00e8tica Figueres. Cualquier utilizaci\u00f3n de los mismos contraria a las normas en materia de propiedad [&hellip;]<\/p>","protected":false},"author":1,"featured_media":0,"parent":0,"menu_order":0,"comment_status":"closed","ping_status":"closed","template":"","meta":{"site-sidebar-layout":"default","site-content-layout":"default","ast-site-content-layout":"default","site-content-style":"default","site-sidebar-style":"default","ast-global-header-display":"","ast-banner-title-visibility":"","ast-main-header-display":"","ast-hfb-above-header-display":"","ast-hfb-below-header-display":"","ast-hfb-mobile-header-display":"","site-post-title":"","ast-breadcrumbs-content":"","ast-featured-img":"","footer-sml-layout":"","theme-transparent-header-meta":"default","adv-header-id-meta":"","stick-header-meta":"","header-above-stick-meta":"","header-main-stick-meta":"","header-below-stick-meta":"","astra-migrate-meta-layouts":"set","ast-page-background-enabled":"default","ast-page-background-meta":{"desktop":{"background-color":"","background-image":"","background-repeat":"repeat","background-position":"center center","background-size":"auto","background-attachment":"scroll","background-type":"","background-media":"","overlay-type":"","overlay-color":"","overlay-opacity":"","overlay-gradient":""},"tablet":{"background-color":"","background-image":"","background-repeat":"repeat","background-position":"center center","background-size":"auto","background-attachment":"scroll","background-type":"","background-media":"","overlay-type":"","overlay-color":"","overlay-opacity":"","overlay-gradient":""},"mobile":{"background-color":"","background-image":"","background-repeat":"repeat","background-position":"center center","background-size":"auto","background-attachment":"scroll","background-type":"","background-media":"","overlay-type":"","overlay-color":"","overlay-opacity":"","overlay-gradient":""}},"ast-content-background-meta":{"desktop":{"background-color":"var(--ast-global-color-5)","background-image":"","background-repeat":"repeat","background-position":"center center","background-size":"auto","background-attachment":"scroll","background-type":"","background-media":"","overlay-type":"","overlay-color":"","overlay-opacity":"","overlay-gradient":""},"tablet":{"background-color":"var(--ast-global-color-5)","background-image":"","background-repeat":"repeat","background-position":"center center","background-size":"auto","background-attachment":"scroll","background-type":"","background-media":"","overlay-type":"","overlay-color":"","overlay-opacity":"","overlay-gradient":""},"mobile":{"background-color":"var(--ast-global-color-5)","background-image":"","background-repeat":"repeat","background-position":"center center","background-size":"auto","background-attachment":"scroll","background-type":"","background-media":"","overlay-type":"","overlay-color":"","overlay-opacity":"","overlay-gradient":""}},"_joinchat":[],"footnotes":""},"class_list":["post-929","page","type-page","status-publish","hentry"],"yoast_head":"<!-- This site is optimized with the Yoast SEO plugin v25.5 - https:\/\/yoast.com\/wordpress\/plugins\/seo\/ -->\n<title>Aviso legal - Yas Est\u00e8tica Figueres<\/title>\n<meta name=\"robots\" content=\"index, follow, max-snippet:-1, max-image-preview:large, max-video-preview:-1\" \/>\n<link rel=\"canonical\" href=\"https:\/\/yasesteticafigueres.com\/fr\/aviso-legal\/\" \/>\n<meta property=\"og:locale\" content=\"fr_FR\" \/>\n<meta property=\"og:type\" content=\"article\" \/>\n<meta property=\"og:title\" content=\"Aviso legal - Yas Est\u00e8tica Figueres\" \/>\n<meta property=\"og:description\" content=\"El titular de este sitio web es Yas est\u00e8tica Figueres, con N.I.F. 40443696J, con domicilio en Carrer Nou, 90, 17600 Figueres, Girona. El acceso al site de Yas est\u00e8tica Figueres es gratuito. Todo el contenido es propiedad intelectual de Yas est\u00e8tica Figueres. Cualquier utilizaci\u00f3n de los mismos contraria a las normas en materia de propiedad [&hellip;]\" \/>\n<meta property=\"og:url\" content=\"https:\/\/yasesteticafigueres.com\/fr\/aviso-legal\/\" \/>\n<meta property=\"og:site_name\" content=\"Yas Est\u00e8tica Figueres\" \/>\n<meta property=\"article:modified_time\" content=\"2025-09-22T09:55:31+00:00\" \/>\n<meta name=\"twitter:card\" content=\"summary_large_image\" \/>\n<meta name=\"twitter:label1\" content=\"Dur\u00e9e de lecture estim\u00e9e\" \/>\n\t<meta name=\"twitter:data1\" content=\"1 minute\" \/>\n<script type=\"application\/ld+json\" class=\"yoast-schema-graph\">{\"@context\":\"https:\/\/schema.org\",\"@graph\":[{\"@type\":\"WebPage\",\"@id\":\"https:\/\/yasesteticafigueres.com\/aviso-legal\/\",\"url\":\"https:\/\/yasesteticafigueres.com\/aviso-legal\/\",\"name\":\"Aviso legal - Yas Est\u00e8tica Figueres\",\"isPartOf\":{\"@id\":\"https:\/\/yasesteticafigueres.com\/#website\"},\"datePublished\":\"2023-02-28T21:15:00+00:00\",\"dateModified\":\"2025-09-22T09:55:31+00:00\",\"breadcrumb\":{\"@id\":\"https:\/\/yasesteticafigueres.com\/aviso-legal\/#breadcrumb\"},\"inLanguage\":\"fr-FR\",\"potentialAction\":[{\"@type\":\"ReadAction\",\"target\":[\"https:\/\/yasesteticafigueres.com\/aviso-legal\/\"]}]},{\"@type\":\"BreadcrumbList\",\"@id\":\"https:\/\/yasesteticafigueres.com\/aviso-legal\/#breadcrumb\",\"itemListElement\":[{\"@type\":\"ListItem\",\"position\":1,\"name\":\"Portada\",\"item\":\"https:\/\/yasesteticafigueres.com\/\"},{\"@type\":\"ListItem\",\"position\":2,\"name\":\"Aviso legal\"}]},{\"@type\":\"WebSite\",\"@id\":\"https:\/\/yasesteticafigueres.com\/#website\",\"url\":\"https:\/\/yasesteticafigueres.com\/\",\"name\":\"Yas Est\u00e8tica Figueres\",\"description\":\"Centro de est\u00e9tica en Figueres especializado en p\u00e9rdida de peso, criolip\u00f3lisis, depilaci\u00f3n l\u00e1ser, recuperaci\u00f3n post-operatorio de liposucci\u00f3n y drenaje linf\u00e1tico.\",\"publisher\":{\"@id\":\"https:\/\/yasesteticafigueres.com\/#organization\"},\"potentialAction\":[{\"@type\":\"SearchAction\",\"target\":{\"@type\":\"EntryPoint\",\"urlTemplate\":\"https:\/\/yasesteticafigueres.com\/?s={search_term_string}\"},\"query-input\":{\"@type\":\"PropertyValueSpecification\",\"valueRequired\":true,\"valueName\":\"search_term_string\"}}],\"inLanguage\":\"fr-FR\"},{\"@type\":\"Organization\",\"@id\":\"https:\/\/yasesteticafigueres.com\/#organization\",\"name\":\"Yas Est\u00e8tica Figueres\",\"url\":\"https:\/\/yasesteticafigueres.com\/\",\"logo\":{\"@type\":\"ImageObject\",\"inLanguage\":\"fr-FR\",\"@id\":\"https:\/\/yasesteticafigueres.com\/#\/schema\/logo\/image\/\",\"url\":\"https:\/\/yasesteticafigueres.com\/wp-content\/uploads\/2024\/03\/cropped-WhatsApp-Image-2024-03-10-at-17.38.29.jpeg\",\"contentUrl\":\"https:\/\/yasesteticafigueres.com\/wp-content\/uploads\/2024\/03\/cropped-WhatsApp-Image-2024-03-10-at-17.38.29.jpeg\",\"width\":1600,\"height\":530,\"caption\":\"Yas Est\u00e8tica Figueres\"},\"image\":{\"@id\":\"https:\/\/yasesteticafigueres.com\/#\/schema\/logo\/image\/\"}}]}<\/script>\n<!-- \/ Yoast SEO plugin. -->","yoast_head_json":{"title":"Aviso legal - Yas Est\u00e8tica Figueres","robots":{"index":"index","follow":"follow","max-snippet":"max-snippet:-1","max-image-preview":"max-image-preview:large","max-video-preview":"max-video-preview:-1"},"canonical":"https:\/\/yasesteticafigueres.com\/fr\/aviso-legal\/","og_locale":"fr_FR","og_type":"article","og_title":"Aviso legal - Yas Est\u00e8tica Figueres","og_description":"El titular de este sitio web es Yas est\u00e8tica Figueres, con N.I.F. 40443696J, con domicilio en Carrer Nou, 90, 17600 Figueres, Girona. El acceso al site de Yas est\u00e8tica Figueres es gratuito. Todo el contenido es propiedad intelectual de Yas est\u00e8tica Figueres. Cualquier utilizaci\u00f3n de los mismos contraria a las normas en materia de propiedad [&hellip;]","og_url":"https:\/\/yasesteticafigueres.com\/fr\/aviso-legal\/","og_site_name":"Yas Est\u00e8tica Figueres","article_modified_time":"2025-09-22T09:55:31+00:00","twitter_card":"summary_large_image","twitter_misc":{"Dur\u00e9e de lecture estim\u00e9e":"1 minute"},"schema":{"@context":"https:\/\/schema.org","@graph":[{"@type":"WebPage","@id":"https:\/\/yasesteticafigueres.com\/aviso-legal\/","url":"https:\/\/yasesteticafigueres.com\/aviso-legal\/","name":"Aviso legal - Yas Est\u00e8tica Figueres","isPartOf":{"@id":"https:\/\/yasesteticafigueres.com\/#website"},"datePublished":"2023-02-28T21:15:00+00:00","dateModified":"2025-09-22T09:55:31+00:00","breadcrumb":{"@id":"https:\/\/yasesteticafigueres.com\/aviso-legal\/#breadcrumb"},"inLanguage":"fr-FR","potentialAction":[{"@type":"ReadAction","target":["https:\/\/yasesteticafigueres.com\/aviso-legal\/"]}]},{"@type":"BreadcrumbList","@id":"https:\/\/yasesteticafigueres.com\/aviso-legal\/#breadcrumb","itemListElement":[{"@type":"ListItem","position":1,"name":"Portada","item":"https:\/\/yasesteticafigueres.com\/"},{"@type":"ListItem","position":2,"name":"Aviso legal"}]},{"@type":"WebSite","@id":"https:\/\/yasesteticafigueres.com\/#website","url":"https:\/\/yasesteticafigueres.com\/","name":"Yas Est\u00e8tica Figueres","description":"Centro de est\u00e9tica en Figueres especializado en p\u00e9rdida de peso, criolip\u00f3lisis, depilaci\u00f3n l\u00e1ser, recuperaci\u00f3n post-operatorio de liposucci\u00f3n y drenaje linf\u00e1tico.","publisher":{"@id":"https:\/\/yasesteticafigueres.com\/#organization"},"potentialAction":[{"@type":"SearchAction","target":{"@type":"EntryPoint","urlTemplate":"https:\/\/yasesteticafigueres.com\/?s={search_term_string}"},"query-input":{"@type":"PropertyValueSpecification","valueRequired":true,"valueName":"search_term_string"}}],"inLanguage":"fr-FR"},{"@type":"Organization","@id":"https:\/\/yasesteticafigueres.com\/#organization","name":"Yas Est\u00e8tica Figueres","url":"https:\/\/yasesteticafigueres.com\/","logo":{"@type":"ImageObject","inLanguage":"fr-FR","@id":"https:\/\/yasesteticafigueres.com\/#\/schema\/logo\/image\/","url":"https:\/\/yasesteticafigueres.com\/wp-content\/uploads\/2024\/03\/cropped-WhatsApp-Image-2024-03-10-at-17.38.29.jpeg","contentUrl":"https:\/\/yasesteticafigueres.com\/wp-content\/uploads\/2024\/03\/cropped-WhatsApp-Image-2024-03-10-at-17.38.29.jpeg","width":1600,"height":530,"caption":"Yas Est\u00e8tica Figueres"},"image":{"@id":"https:\/\/yasesteticafigueres.com\/#\/schema\/logo\/image\/"}}]}},"_links":{"self":[{"href":"https:\/\/yasesteticafigueres.com\/fr\/wp-json\/wp\/v2\/pages\/929","targetHints":{"allow":["GET"]}}],"collection":[{"href":"https:\/\/yasesteticafigueres.com\/fr\/wp-json\/wp\/v2\/pages"}],"about":[{"href":"https:\/\/yasesteticafigueres.com\/fr\/wp-json\/wp\/v2\/types\/page"}],"author":[{"embeddable":true,"href":"https:\/\/yasesteticafigueres.com\/fr\/wp-json\/wp\/v2\/users\/1"}],"replies":[{"embeddable":true,"href":"https:\/\/yasesteticafigueres.com\/fr\/wp-json\/wp\/v2\/comments?post=929"}],"version-history":[{"count":0,"href":"https:\/\/yasesteticafigueres.com\/fr\/wp-json\/wp\/v2\/pages\/929\/revisions"}],"wp:attachment":[{"href":"https:\/\/yasesteticafigueres.com\/fr\/wp-json\/wp\/v2\/media?parent=929"}],"curies":[{"name":"wp","href":"https:\/\/api.w.org\/{rel}","templated":true}]}}