{"id":931,"date":"2023-02-28T21:15:17","date_gmt":"2023-02-28T21:15:17","guid":{"rendered":"https:\/\/yasesteticafigueres.com\/?page_id=931"},"modified":"2023-02-28T21:17:46","modified_gmt":"2023-02-28T21:17:46","slug":"politica-de-cookies","status":"publish","type":"page","link":"https:\/\/yasesteticafigueres.com\/ca\/politica-de-cookies\/","title":{"rendered":"Galetes pol\u00edtica"},"content":{"rendered":"<p class=\"bodytext\">Objecte<\/p>\n<p class=\"bodytext\">L&#039;objectiu d&#039;aquesta pol\u00edtica \u00e9s per a informar sobre la utilitzaci\u00f3 de cookies en aquesta web d&#039;acord amb les disposicions de la llei de serveis de la societat de la informaci\u00f3 i de comer\u00e7 electr\u00f2nic.<\/p>\n<p class=\"bodytext\">Qu\u00e8 s\u00f3n les Galetes i quins s\u00f3n els que s&#039;utilitzen per?<\/p>\n<p class=\"bodytext\">Les Cookies s\u00f3n arxius o fitxers de text que un servidor web que genera i les botigues-lo a l&#039;ordinador\/smartphone\/tablet (d&#039;ara endavant, i equips) per a un Usuari per a accedir a determinades p\u00e0gines web per emmagatzemar i recuperar informaci\u00f3 sobre la navegaci\u00f3 de l&#039;usuari realitza des de l&#039;equip. Tamb\u00e9 pot consistir en un codi que permet identificar l&#039;Usuari inequ\u00edvocament durant la seva navegaci\u00f3. Per tant, les galetes poden emmagatzemar la informaci\u00f3 en un ordinador de l&#039;Usuari o en les seves sessions de navegaci\u00f3 dels llocs web que h\u00e0giu visitat, com ara les p\u00e0gines web que visiteu, temps de connexi\u00f3 a Internet i altres dades en funci\u00f3 del tipus de galeta.<\/p>\n<p class=\"bodytext\">En definitiva, la utilitzaci\u00f3 de cookies en la navegaci\u00f3 pel nostre lloc web li permet obtenir informaci\u00f3 relativa a la navegaci\u00f3 dels usuaris; per millorar l&#039;experi\u00e8ncia de l&#039;usuari en la navegaci\u00f3; recollir les estad\u00edstiques d&#039;\u00fas del web per l&#039;Usuari, i altra informaci\u00f3, com ara el navegador utilitzat per l&#039;Usuari, el nombre de p\u00e0gines visitades, el nombre de visites, el seguiment de l&#039;moviments realitzats per l&#039;Usuari a trav\u00e9s d&#039;un lloc web, el temps que passa en el lloc o en una p\u00e0gina concreta, l&#039;ompliment o buidatge de la cistella de la compra, i altres dades; geoposicionar l&#039;Usuari utilitzar la geolocalitzaci\u00f3 del dispositiu connectat (informaci\u00f3 sobre la regi\u00f3 i, potencialment, les dades de localitzaci\u00f3 en alguns pa\u00efsos); mesurar l&#039;efectivitat de les seves campanyes de correu electr\u00f2nic i per millorar el servei a les caracter\u00edstiques de determinats segments d&#039;usuaris, i especialment de la subscriptors de la recepci\u00f3 de comunicacions electr\u00f2niques comercials publicit\u00e0ries i newsletters; per saber si els destinataris de les comunicacions electr\u00f2niques comercials publicit\u00e0ries i newsletters ha procedit a l&#039;obertura de qualsevol de les comunicacions, i l&#039;\u00fas d&#039;aigua calenta enlla\u00e7os o links continguts en el mateix per a cada un dels beneficiaris, com ara la de pr\u00e9mer els enlla\u00e7os o links continguts en missatges de correu electr\u00f2nic, i ser capa\u00e7 d&#039;elaborar amb la informaci\u00f3 recollida en els informes de seguiment de les campanyes.<\/p>\n<p class=\"bodytext\">Aquesta web utilitza &#034;cookies&#034;, tant pr\u00f2pies com de tercers. M\u00e9s tard, l&#039;Usuari pot trobar informaci\u00f3 espec\u00edfica sobre el mateix.<\/p>\n<p class=\"bodytext\">Com vost\u00e8 d\u00f3na el seu consentiment per a la utilitzaci\u00f3 de cookies en el nostre lloc web?<\/p>\n<p class=\"bodytext\">En relaci\u00f3 amb l&#039;\u00fas de les galetes utilitzades en aquest lloc web, l&#039;Usuari ha de saber que ens autoritzen i consentiment per a l&#039;\u00fas de les galetes de la seg\u00fcent manera:<\/p>\n<ul class=\"bodytext\">\n<li class=\"bodytext\">Vost\u00e8 accepta l&#039;\u00fas de cookies en aquesta web per a les finalitats indicades en la present pol\u00edtica de si marca o fer clic a l&#039;anunci, estic d&#039;ACORD que es publica en la primera capa de la informaci\u00f3.<\/li>\n<\/ul>\n<p class=\"bodytext\">En qualsevol cas, malgrat l&#039;acceptaci\u00f3 inicial d&#039;utilitzar cookies en la navegaci\u00f3 a trav\u00e9s de la nostra p\u00e0gina web, en qualsevol moment l&#039;Usuari pot revocar el seu consentiment per desactivar i negar-se a utilitzar-la, com s&#039;ha explicat en la secci\u00f3 corresponent d&#039;aquesta pol\u00edtica.<\/p>\n<p class=\"bodytext\">En qualsevol cas, l&#039;Usuari t\u00e9 el control de les galetes, ja que s&#039;emmagatzemen en el navegador de l&#039;ordinador que utilitzeu. Per tant, en qualsevol moment, l&#039;Usuari ser\u00e0 capa\u00e7 de llegir-les, filtrar, rebutjar-los i suprimir-los.<\/p>\n<p class=\"bodytext\">Qu\u00e8 s\u00f3n les galetes de tercers s\u00f3n utilitzats i la finalitat de la utilitzaci\u00f3 en el lloc web?<\/p>\n<table>\n<thead>\n<tr>\n<th class=\"bodytext\">Solucions de tercers<\/th>\n<th class=\"bodytext\">Tipus\/Finalitat<\/th>\n<th class=\"bodytext\">Prove\u00efdor<\/th>\n<th class=\"bodytext\">Pol\u00edtica de privacitat i opcions<\/th>\n<\/tr>\n<\/thead>\n<tbody>\n<tr>\n<td class=\"bodytext\">Google Analytics<\/td>\n<td class=\"bodytext\">\n<p class=\"bodytext\">Ubicaci\u00f3: Google Maps ofereix un mapa de servei. Registres de l&#039;origen de l&#039;usuari i les paraules clau utilitzades. Crea un \u00fanic prefix amb finalitats anal\u00edtiques. Anal\u00edtica: Google proporciona anonymised dades sobre les visites a la p\u00e0gina web. V\u00eddeos: Youtube, que permet pujar i visualitzar v\u00eddeos. Utilitza &#034;cookies&#034; per mesurar les visualitzacions, o registrar-se per a esdeveniments. Interacci\u00f3 Social: Google permet la informaci\u00f3 del lloc WEB ser\u00e0 compartida sobre la seva xarxa social Google +<\/p>\n<\/td>\n<td class=\"bodytext\">\n<p class=\"bodytext\">Google Inc.<\/p>\n<\/td>\n<td class=\"bodytext\">\n<p class=\"bodytext\"><a href=\"https:\/\/support.google.com\/analytics\/answer\/6004245?hl=es\" target=\"_blank\" rel=\"noopener\" data-track-event=\"click\" data-track-action=\"link_clicked\">Privacitat<\/a><\/p>\n<p class=\"bodytext\"><a href=\"https:\/\/tools.google.com\/dlpage\/gaoptout\" target=\"_blank\" rel=\"noopener\" data-track-event=\"click\" data-track-action=\"link_clicked\">Rebutjar<\/a><\/p>\n<\/td>\n<\/tr>\n<tr>\n<td class=\"bodytext\">Afegir a qualsevol<\/td>\n<td class=\"bodytext\">\n<p class=\"bodytext\">Interacci\u00f3 Social: Permet el lloc web per a compartir en les xarxes socials.<\/p>\n<\/td>\n<td class=\"bodytext\">\n<p class=\"bodytext\">AddToAny<\/p>\n<\/td>\n<td class=\"bodytext\">\n<p class=\"bodytext\"><a href=\"http:\/\/www.addtoany.com\/privacy\" target=\"_blank\" rel=\"noopener\" data-track-event=\"click\" data-track-action=\"link_clicked\">Privacitat<\/a><\/p>\n<p><a href=\"https:\/\/static.addtoany.com\/.well-known\/dnt-policy.txt\" target=\"_blank\" rel=\"noopener\" data-track-event=\"click\" data-track-action=\"link_clicked\">No segueixis<\/a><\/p>\n<p><a href=\"http:\/\/optout.networkadvertising.org\/\" target=\"_blank\" rel=\"noopener\" data-track-event=\"click\" data-track-action=\"link_clicked\">Rebutjar publi. 3<\/a><\/p>\n<\/td>\n<\/tr>\n<tr>\n<td class=\"bodytext\">AddThis<\/td>\n<td class=\"bodytext\">\n<p class=\"bodytext\">Eines De La Web. La interacci\u00f3 Social. Addthis permet el lloc web per compartir a les xarxes socials com Google+, Facebook, etc.<\/p>\n<\/td>\n<td class=\"bodytext\">\n<p class=\"bodytext\">Oracle, Inc.<\/p>\n<\/td>\n<td class=\"bodytext\">\n<p class=\"bodytext\"><a href=\"http:\/\/www.addthis.com\/privacy\/privacy-policy\/\" target=\"_blank\" rel=\"noopener\" data-track-event=\"click\" data-track-action=\"link_clicked\">Privacitat<\/a><\/p>\n<p><a href=\"http:\/\/www.addthis.com\/privacy\/opt-out\" target=\"_blank\" rel=\"noopener\" data-track-event=\"click\" data-track-action=\"link_clicked\">Rebutjar<\/a><\/p>\n<\/td>\n<\/tr>\n<tr>\n<td class=\"bodytext\">Adobe Omniture<\/td>\n<td class=\"bodytext\">\n<p class=\"bodytext\">Analytics: Omniture proporciona anonymised dades sobre les visites al nostre lloc i ens permet provar i avaluar la millor manera de presentar el web per als nostres usuaris.<\/p>\n<\/td>\n<td class=\"bodytext\">\n<p class=\"bodytext\">Adobe Systems Incorporated<\/p>\n<\/td>\n<td class=\"bodytext\">\n<p class=\"bodytext\"><a href=\"https:\/\/www.adobe.com\/es\/privacy\/marketing-cloud.html\" target=\"_blank\" rel=\"noopener\" data-track-event=\"click\" data-track-action=\"link_clicked\">Privacitat<\/a><\/p>\n<p><a href=\"https:\/\/www.adobe.com\/es\/privacy\/cookies.html\" target=\"_blank\" rel=\"noopener\" data-track-event=\"click\" data-track-action=\"link_clicked\">Les Cookies<\/a><\/p>\n<p><a href=\"https:\/\/www.adobe.com\/es\/privacy\/opt-out.html\" target=\"_blank\" rel=\"noopener\" data-track-event=\"click\" data-track-action=\"link_clicked\">Rebutjar<\/a><\/p>\n<\/td>\n<\/tr>\n<tr>\n<td class=\"bodytext\">YouTube<\/td>\n<td class=\"bodytext\">\n<p class=\"bodytext\">Web De V\u00eddeo<\/p>\n<\/td>\n<td class=\"bodytext\">\n<p class=\"bodytext\">Google Inc.<\/p>\n<\/td>\n<td class=\"bodytext\">\n<p class=\"bodytext\"><a href=\"https:\/\/www.youtube.com\/intl\/es\/yt\/about\/policies\/#community-guidelines\" target=\"_blank\" rel=\"noopener\" data-track-event=\"click\" data-track-action=\"link_clicked\">Privacitat<\/a><\/p>\n<\/td>\n<\/tr>\n<tr>\n<td class=\"bodytext\">Facebook<\/td>\n<td class=\"bodytext\">\n<p class=\"bodytext\">Facebook Like, Comentaris, Alimentaci\u00f3<\/p>\n<\/td>\n<td class=\"bodytext\">\n<p class=\"bodytext\">Facebook Inc.<\/p>\n<\/td>\n<td class=\"bodytext\">\n<p class=\"bodytext\"><a href=\"https:\/\/www.facebook.com\/about\/privacy\/update\" target=\"_blank\" rel=\"noopener\" data-track-event=\"click\" data-track-action=\"link_clicked\">Privacitat<\/a><\/p>\n<p><a href=\"https:\/\/developers.facebook.com\/docs\/plugins\" target=\"_blank\" rel=\"noopener\" data-track-event=\"click\" data-track-action=\"link_clicked\">Complentos<\/a><\/p>\n<\/td>\n<\/tr>\n<tr>\n<td class=\"bodytext\">Twitter<\/td>\n<td class=\"bodytext\">\n<p class=\"bodytext\">Segueix-Nos<\/p>\n<\/td>\n<td class=\"bodytext\">\n<p class=\"bodytext\">Facebook Inc.<\/p>\n<\/td>\n<td class=\"bodytext\">\n<p class=\"bodytext\"><a href=\"https:\/\/twitter.com\/privacy?lang=es\" target=\"_blank\" rel=\"noopener\" data-track-event=\"click\" data-track-action=\"link_clicked\">Privacitat<\/a><\/p>\n<p><a href=\"https:\/\/twitter.com\/about\/resources\/buttons\" target=\"_blank\" rel=\"noopener\" data-track-event=\"click\" data-track-action=\"link_clicked\">Complentos<\/a><\/p>\n<\/td>\n<\/tr>\n<\/tbody>\n<\/table>\n<p class=\"bodytext\">Com es pot rebutjar, desactivar i eliminar les cookies utilitzades en el nostre lloc web?<\/p>\n<p class=\"bodytext\">L&#039;Usuari t\u00e9 l&#039;opci\u00f3 d&#039;impedir o rebutjar l&#039;\u00fas de cookies, desactivar i eliminar-los en qualsevol moment, respecte de la navegaci\u00f3 en aquest lloc web.<\/p>\n<p class=\"bodytext\">La majoria dels navegadors web permet gestionar, en qualsevol moment, les prefer\u00e8ncies de l&#039;Usuari en l&#039;\u00fas de les Galetes. L&#039;Usuari pot ajustar el seu navegador per rebutjar.<\/p>\n<p class=\"bodytext\">Galetes o eliminar determinades Cookies segons el teu criteri.<\/p>\n<p class=\"bodytext\">Per a la ubicaci\u00f3 de les nostres Galetes (permet, bloquejar o eliminar aquestes Cookies) i de tercers, l&#039;Usuari pot fer-ho per configurar les opcions dels navegadors instal\u00b7lats a l&#039;ordinador.<\/p>\n<p class=\"bodytext\">\nFirefox\u00a0\u00a0<a href=\"https:\/\/support.mozilla.org\/es\/kb\/Deshabilitar%20cookies%20de%20terceros\" data-track-event=\"click\" data-track-action=\"link_clicked\">https:\/\/support.mozilla.org\/es\/kb\/Deshabilitar%20c&#8230;<\/a><\/p>\n<p>Chrome\u00a0\u00a0<a href=\"http:\/\/support.google.com\/chrome\/bin\/answer.py?hl=es&amp;answer=95647\" data-track-event=\"click\" data-track-action=\"link_clicked\">http:\/\/support.google.com\/chrome\/bin\/answer.py?hl=&#8230;<\/a><\/p>\n<p>Internet Explorer\u00a0\u00a0<a href=\"http:\/\/windows.microsoft.com\/es-es\/internet-explorer\/delete-managecookies#ie=ie-11\" data-track-event=\"click\" data-track-action=\"link_clicked\">http:\/\/windows.microsoft.com\/es-es\/internet-explor&#8230;<\/a><\/p>\n<p>Safari -&gt; Seleccionar Safari &gt; Prefer\u00e8ncies, feu clic a Privadesa<\/p>\n<p>\u00d2pera\u00a0\u00a0<a href=\"http:\/\/help.opera.com\/Windows\/11.50\/es-ES\/cookies.html\" data-track-event=\"click\" data-track-action=\"link_clicked\">http:\/\/help.opera.com\/Windows\/11.50\/es-ES\/cookies&#8230;.<\/a><\/p>\n<p>Windows Phone\u00a0\u00a0<a href=\"https:\/\/support.microsoft.com\/es-es\/help\/10635\/windows-phone-change-privacy-and-other-browser-settings\" data-track-event=\"click\" data-track-action=\"link_clicked\">https:\/\/support.microsoft.com\/es-es\/help\/10635\/win&#8230;<\/a><\/p>\n<p>Android -&gt;Configuraci\u00f3 del navegador utilitzat-&gt;Privadesa del navegador utilitzat<\/p>\n<p>L&#039;Usuari podr\u00e0 revocar el seu consentiment per a la utilitzaci\u00f3 de cookies en el seu navegador a trav\u00e9s de les anteriors indicacions.<\/p>\n<p>Per desactivar les cookies i els dispositius d&#039;emmagatzematge i recuperaci\u00f3 de dades de manera individual es pot instal\u00b7lar en el navegador de l&#039;extensi\u00f3 &#034;Ghostery&#034;.<\/p>\n<p>L&#039;Usuari ha de ser conscient que algunes de les caracter\u00edstiques dels continguts d&#039;aquest lloc web nom\u00e9s estan disponibles si es permet la instal\u00b7laci\u00f3 de Cookies en el seu navegador. Si no voleu acceptar o bloquejar determinades Galetes (en funci\u00f3 de la seva finalitat), aix\u00f2 pot afectar, en tot o en part, el normal funcionament del lloc web o impedir l&#039;acc\u00e9s a alguns serveis de la mateixa.<\/p>\n<p>Les actualitzacions i canvis en la Pol\u00edtica de galetes.<\/p>\n<p class=\"bodytext\">El responsable pot modificar aquesta Pol\u00edtica de Galetes segons els canvis en l&#039;\u00fas de Cookies en el seu lloc web, les noves exig\u00e8ncies legislatives, normatives, o amb la finalitat d&#039;adaptar aquesta pol\u00edtica a les instruccions emeses per les autoritats supervisores, en particular, l&#039;Ag\u00e8ncia espanyola de Protecci\u00f3 de Dades.<\/p>\n<p>Per tant, \u00e9s possible que significatives es produeixen canvis a aquesta Pol\u00edtica de Galetes que seran publicades en el mateix. Per\u00f2 ser\u00e0 responsabilitat de l&#039;Usuari per accedir peri\u00f2dicament aquesta Pol\u00edtica per estar assabentat dels canvis, sense perjudici de la possibilitat de comunicar als usuaris del lloc web d&#039;aquests canvis per mitj\u00e0 d&#039;un av\u00eds en el nostre lloc web i\/o a trav\u00e9s d&#039;altres mitjans.<\/p>","protected":false},"excerpt":{"rendered":"<p>Objeto El objeto de la presente pol\u00edtica es informar del uso de cookies en este sitio web de acuerdo con lo establecido en la legislaci\u00f3n de los servicios de la sociedad de la informaci\u00f3n y de comercio electr\u00f3nico. \u00bfQu\u00e9 son las Cookies y para qu\u00e9 se utilizan? Las cookies, son ficheros o archivos de texto [&hellip;]<\/p>","protected":false},"author":1,"featured_media":0,"parent":0,"menu_order":0,"comment_status":"closed","ping_status":"closed","template":"","meta":{"site-sidebar-layout":"default","site-content-layout":"default","ast-site-content-layout":"default","site-content-style":"default","site-sidebar-style":"default","ast-global-header-display":"","ast-banner-title-visibility":"","ast-main-header-display":"","ast-hfb-above-header-display":"","ast-hfb-below-header-display":"","ast-hfb-mobile-header-display":"","site-post-title":"","ast-breadcrumbs-content":"","ast-featured-img":"","footer-sml-layout":"","theme-transparent-header-meta":"default","adv-header-id-meta":"","stick-header-meta":"","header-above-stick-meta":"","header-main-stick-meta":"","header-below-stick-meta":"","astra-migrate-meta-layouts":"default","ast-page-background-enabled":"default","ast-page-background-meta":{"desktop":{"background-color":"","background-image":"","background-repeat":"repeat","background-position":"center center","background-size":"auto","background-attachment":"scroll","background-type":"","background-media":"","overlay-type":"","overlay-color":"","overlay-opacity":"","overlay-gradient":""},"tablet":{"background-color":"","background-image":"","background-repeat":"repeat","background-position":"center center","background-size":"auto","background-attachment":"scroll","background-type":"","background-media":"","overlay-type":"","overlay-color":"","overlay-opacity":"","overlay-gradient":""},"mobile":{"background-color":"","background-image":"","background-repeat":"repeat","background-position":"center center","background-size":"auto","background-attachment":"scroll","background-type":"","background-media":"","overlay-type":"","overlay-color":"","overlay-opacity":"","overlay-gradient":""}},"ast-content-background-meta":{"desktop":{"background-color":"var(--ast-global-color-5)","background-image":"","background-repeat":"repeat","background-position":"center center","background-size":"auto","background-attachment":"scroll","background-type":"","background-media":"","overlay-type":"","overlay-color":"","overlay-opacity":"","overlay-gradient":""},"tablet":{"background-color":"var(--ast-global-color-5)","background-image":"","background-repeat":"repeat","background-position":"center center","background-size":"auto","background-attachment":"scroll","background-type":"","background-media":"","overlay-type":"","overlay-color":"","overlay-opacity":"","overlay-gradient":""},"mobile":{"background-color":"var(--ast-global-color-5)","background-image":"","background-repeat":"repeat","background-position":"center center","background-size":"auto","background-attachment":"scroll","background-type":"","background-media":"","overlay-type":"","overlay-color":"","overlay-opacity":"","overlay-gradient":""}},"_joinchat":[],"footnotes":""},"class_list":["post-931","page","type-page","status-publish","hentry"],"yoast_head":"<!-- This site is optimized with the Yoast SEO plugin v25.5 - https:\/\/yoast.com\/wordpress\/plugins\/seo\/ -->\n<title>Pol\u00edtica de cookies - Yas Est\u00e8tica Figueres<\/title>\n<meta name=\"robots\" content=\"index, follow, max-snippet:-1, max-image-preview:large, max-video-preview:-1\" \/>\n<link rel=\"canonical\" href=\"https:\/\/yasesteticafigueres.com\/ca\/politica-de-cookies\/\" \/>\n<meta property=\"og:locale\" content=\"ca_ES\" \/>\n<meta property=\"og:type\" content=\"article\" \/>\n<meta property=\"og:title\" content=\"Pol\u00edtica de cookies - Yas Est\u00e8tica Figueres\" \/>\n<meta property=\"og:description\" content=\"Objeto El objeto de la presente pol\u00edtica es informar del uso de cookies en este sitio web de acuerdo con lo establecido en la legislaci\u00f3n de los servicios de la sociedad de la informaci\u00f3n y de comercio electr\u00f3nico. \u00bfQu\u00e9 son las Cookies y para qu\u00e9 se utilizan? Las cookies, son ficheros o archivos de texto [&hellip;]\" \/>\n<meta property=\"og:url\" content=\"https:\/\/yasesteticafigueres.com\/ca\/politica-de-cookies\/\" \/>\n<meta property=\"og:site_name\" content=\"Yas Est\u00e8tica Figueres\" \/>\n<meta property=\"article:modified_time\" content=\"2023-02-28T21:17:46+00:00\" \/>\n<meta name=\"twitter:card\" content=\"summary_large_image\" \/>\n<meta name=\"twitter:label1\" content=\"Temps estimat de lectura\" \/>\n\t<meta name=\"twitter:data1\" content=\"6 minuts\" \/>\n<script type=\"application\/ld+json\" class=\"yoast-schema-graph\">{\"@context\":\"https:\/\/schema.org\",\"@graph\":[{\"@type\":\"WebPage\",\"@id\":\"https:\/\/yasesteticafigueres.com\/ca\/politica-de-cookies\/\",\"url\":\"https:\/\/yasesteticafigueres.com\/ca\/politica-de-cookies\/\",\"name\":\"Pol\u00edtica de cookies - Yas Est\u00e8tica Figueres\",\"isPartOf\":{\"@id\":\"https:\/\/yasesteticafigueres.com\/#website\"},\"datePublished\":\"2023-02-28T21:15:17+00:00\",\"dateModified\":\"2023-02-28T21:17:46+00:00\",\"breadcrumb\":{\"@id\":\"https:\/\/yasesteticafigueres.com\/ca\/politica-de-cookies\/#breadcrumb\"},\"inLanguage\":\"ca\",\"potentialAction\":[{\"@type\":\"ReadAction\",\"target\":[\"https:\/\/yasesteticafigueres.com\/ca\/politica-de-cookies\/\"]}]},{\"@type\":\"BreadcrumbList\",\"@id\":\"https:\/\/yasesteticafigueres.com\/ca\/politica-de-cookies\/#breadcrumb\",\"itemListElement\":[{\"@type\":\"ListItem\",\"position\":1,\"name\":\"Portada\",\"item\":\"https:\/\/yasesteticafigueres.com\/\"},{\"@type\":\"ListItem\",\"position\":2,\"name\":\"Pol\u00edtica de cookies\"}]},{\"@type\":\"WebSite\",\"@id\":\"https:\/\/yasesteticafigueres.com\/#website\",\"url\":\"https:\/\/yasesteticafigueres.com\/\",\"name\":\"Yas Est\u00e8tica Figueres\",\"description\":\"Centro de est\u00e9tica en Figueres especializado en p\u00e9rdida de peso, criolip\u00f3lisis, depilaci\u00f3n l\u00e1ser, recuperaci\u00f3n post-operatorio de liposucci\u00f3n y drenaje linf\u00e1tico.\",\"publisher\":{\"@id\":\"https:\/\/yasesteticafigueres.com\/#organization\"},\"potentialAction\":[{\"@type\":\"SearchAction\",\"target\":{\"@type\":\"EntryPoint\",\"urlTemplate\":\"https:\/\/yasesteticafigueres.com\/?s={search_term_string}\"},\"query-input\":{\"@type\":\"PropertyValueSpecification\",\"valueRequired\":true,\"valueName\":\"search_term_string\"}}],\"inLanguage\":\"ca\"},{\"@type\":\"Organization\",\"@id\":\"https:\/\/yasesteticafigueres.com\/#organization\",\"name\":\"Yas Est\u00e8tica Figueres\",\"url\":\"https:\/\/yasesteticafigueres.com\/\",\"logo\":{\"@type\":\"ImageObject\",\"inLanguage\":\"ca\",\"@id\":\"https:\/\/yasesteticafigueres.com\/#\/schema\/logo\/image\/\",\"url\":\"https:\/\/yasesteticafigueres.com\/wp-content\/uploads\/2024\/03\/cropped-WhatsApp-Image-2024-03-10-at-17.38.29.jpeg\",\"contentUrl\":\"https:\/\/yasesteticafigueres.com\/wp-content\/uploads\/2024\/03\/cropped-WhatsApp-Image-2024-03-10-at-17.38.29.jpeg\",\"width\":1600,\"height\":530,\"caption\":\"Yas Est\u00e8tica Figueres\"},\"image\":{\"@id\":\"https:\/\/yasesteticafigueres.com\/#\/schema\/logo\/image\/\"}}]}<\/script>\n<!-- \/ Yoast SEO plugin. -->","yoast_head_json":{"title":"Pol\u00edtica de cookies - Yas Est\u00e8tica Figueres","robots":{"index":"index","follow":"follow","max-snippet":"max-snippet:-1","max-image-preview":"max-image-preview:large","max-video-preview":"max-video-preview:-1"},"canonical":"https:\/\/yasesteticafigueres.com\/ca\/politica-de-cookies\/","og_locale":"ca_ES","og_type":"article","og_title":"Pol\u00edtica de cookies - Yas Est\u00e8tica Figueres","og_description":"Objeto El objeto de la presente pol\u00edtica es informar del uso de cookies en este sitio web de acuerdo con lo establecido en la legislaci\u00f3n de los servicios de la sociedad de la informaci\u00f3n y de comercio electr\u00f3nico. \u00bfQu\u00e9 son las Cookies y para qu\u00e9 se utilizan? Las cookies, son ficheros o archivos de texto [&hellip;]","og_url":"https:\/\/yasesteticafigueres.com\/ca\/politica-de-cookies\/","og_site_name":"Yas Est\u00e8tica Figueres","article_modified_time":"2023-02-28T21:17:46+00:00","twitter_card":"summary_large_image","twitter_misc":{"Temps estimat de lectura":"6 minuts"},"schema":{"@context":"https:\/\/schema.org","@graph":[{"@type":"WebPage","@id":"https:\/\/yasesteticafigueres.com\/ca\/politica-de-cookies\/","url":"https:\/\/yasesteticafigueres.com\/ca\/politica-de-cookies\/","name":"Pol\u00edtica de cookies - Yas Est\u00e8tica Figueres","isPartOf":{"@id":"https:\/\/yasesteticafigueres.com\/#website"},"datePublished":"2023-02-28T21:15:17+00:00","dateModified":"2023-02-28T21:17:46+00:00","breadcrumb":{"@id":"https:\/\/yasesteticafigueres.com\/ca\/politica-de-cookies\/#breadcrumb"},"inLanguage":"ca","potentialAction":[{"@type":"ReadAction","target":["https:\/\/yasesteticafigueres.com\/ca\/politica-de-cookies\/"]}]},{"@type":"BreadcrumbList","@id":"https:\/\/yasesteticafigueres.com\/ca\/politica-de-cookies\/#breadcrumb","itemListElement":[{"@type":"ListItem","position":1,"name":"Portada","item":"https:\/\/yasesteticafigueres.com\/"},{"@type":"ListItem","position":2,"name":"Pol\u00edtica de cookies"}]},{"@type":"WebSite","@id":"https:\/\/yasesteticafigueres.com\/#website","url":"https:\/\/yasesteticafigueres.com\/","name":"Yas Est\u00e8tica Figueres","description":"Centro de est\u00e9tica en Figueres especializado en p\u00e9rdida de peso, criolip\u00f3lisis, depilaci\u00f3n l\u00e1ser, recuperaci\u00f3n post-operatorio de liposucci\u00f3n y drenaje linf\u00e1tico.","publisher":{"@id":"https:\/\/yasesteticafigueres.com\/#organization"},"potentialAction":[{"@type":"SearchAction","target":{"@type":"EntryPoint","urlTemplate":"https:\/\/yasesteticafigueres.com\/?s={search_term_string}"},"query-input":{"@type":"PropertyValueSpecification","valueRequired":true,"valueName":"search_term_string"}}],"inLanguage":"ca"},{"@type":"Organization","@id":"https:\/\/yasesteticafigueres.com\/#organization","name":"Yas Est\u00e8tica Figueres","url":"https:\/\/yasesteticafigueres.com\/","logo":{"@type":"ImageObject","inLanguage":"ca","@id":"https:\/\/yasesteticafigueres.com\/#\/schema\/logo\/image\/","url":"https:\/\/yasesteticafigueres.com\/wp-content\/uploads\/2024\/03\/cropped-WhatsApp-Image-2024-03-10-at-17.38.29.jpeg","contentUrl":"https:\/\/yasesteticafigueres.com\/wp-content\/uploads\/2024\/03\/cropped-WhatsApp-Image-2024-03-10-at-17.38.29.jpeg","width":1600,"height":530,"caption":"Yas Est\u00e8tica Figueres"},"image":{"@id":"https:\/\/yasesteticafigueres.com\/#\/schema\/logo\/image\/"}}]}},"_links":{"self":[{"href":"https:\/\/yasesteticafigueres.com\/ca\/wp-json\/wp\/v2\/pages\/931","targetHints":{"allow":["GET"]}}],"collection":[{"href":"https:\/\/yasesteticafigueres.com\/ca\/wp-json\/wp\/v2\/pages"}],"about":[{"href":"https:\/\/yasesteticafigueres.com\/ca\/wp-json\/wp\/v2\/types\/page"}],"author":[{"embeddable":true,"href":"https:\/\/yasesteticafigueres.com\/ca\/wp-json\/wp\/v2\/users\/1"}],"replies":[{"embeddable":true,"href":"https:\/\/yasesteticafigueres.com\/ca\/wp-json\/wp\/v2\/comments?post=931"}],"version-history":[{"count":0,"href":"https:\/\/yasesteticafigueres.com\/ca\/wp-json\/wp\/v2\/pages\/931\/revisions"}],"wp:attachment":[{"href":"https:\/\/yasesteticafigueres.com\/ca\/wp-json\/wp\/v2\/media?parent=931"}],"curies":[{"name":"wp","href":"https:\/\/api.w.org\/{rel}","templated":true}]}}