{"id":927,"date":"2023-02-28T21:15:08","date_gmt":"2023-02-28T21:15:08","guid":{"rendered":"https:\/\/yasesteticafigueres.com\/?page_id=927"},"modified":"2023-02-28T21:17:26","modified_gmt":"2023-02-28T21:17:26","slug":"politica-de-privacidad","status":"publish","type":"page","link":"https:\/\/yasesteticafigueres.com\/ca\/politica-de-privacidad\/","title":{"rendered":"Pol\u00edtica de privacitat"},"content":{"rendered":"<p class=\"bodytext\">\u00daS I TRACTAMENT DE DADES PERSONALS<\/p>\n<p class=\"bodytext\">L&#039;informem que les dades personals que pugui facilitar a trav\u00e9s d&#039;aquest lloc web, aix\u00ed com els que es puguin oferir en el futur en el marc de la seva relaci\u00f3 jur\u00eddica amb aquesta entitat, seran incorporades a la nostra base de dades.<\/p>\n<p class=\"bodytext\">Informes sobre les seg\u00fcents q\u00fcestions relatives a la protecci\u00f3 de dades:<\/p>\n<ol class=\"bodytext\">\n<li class=\"bodytext\">Responsable del tractament: Som responsables de les dades recollides en el corresponent formulari.<\/li>\n<li class=\"bodytext\">Necessitat de tractament: La comunicaci\u00f3 de dades a trav\u00e9s de la corresponent formulari \u00e9s obligat\u00f2ria per a nosaltres a contacte.<\/li>\n<li class=\"bodytext\">Finalitats del tractament i la legitimitat del tractament:\n<ul class=\"bodytext\">\n<li class=\"bodytext\">Gestionar, administrar, per a prestar els serveis o oferir els productes que sol\u00b7licitud, i, en el seu cas, per al compliment i execuci\u00f3 dels contractes que es puguin celebrar, per con\u00e8ixer els vostres gustos, per adequar els serveis a les seves prefer\u00e8ncies.<\/li>\n<li class=\"bodytext\">Enviar, per correu postal, correu electr\u00f2nic i altres mitjans de comunicaci\u00f3 electr\u00f2nica, de comunicacions comercials i publicitat sobre els nostres productes i\/o serveis.<\/li>\n<\/ul>\n<\/li>\n<li class=\"bodytext\">Destinataris: vam contractar amb qualsevol entitat que \u00e9s la prestaci\u00f3 de serveis de manteniment i allotjament, a trav\u00e9s de contractes de cessi\u00f3 de tractament per a donar suport a les finalitats del tractament indicat.<\/li>\n<li class=\"bodytext\">Per\u00edode de retenci\u00f3 de dades: conservarem les seves dades durant tant de temps com el tractament i que no sol\u00b7licitar la cancel\u00b7laci\u00f3 de les mateixes.<\/li>\n<li class=\"bodytext\">Drets: vost\u00e8 Pot exercir els drets d&#039;acc\u00e9s, rectificaci\u00f3, cancel * laci\u00f3, la limitaci\u00f3 de tractament, l&#039;oposici\u00f3, la portabilitat i el dret a no ser sotm\u00e8s a una decisi\u00f3 basada \u00fanicament en el seu tractament automatitzat per escrit a l&#039;adre\u00e7a postal indicada en l&#039;av\u00eds legal, i a revocar el seu consentiment, sense efectes retroactius, o per oposar-se a la recepci\u00f3 de comunicacions comercials per correu electr\u00f2nic o altres mitjans de comunicaci\u00f3 electr\u00f2nica equivalent, enviament i presentar una reclamaci\u00f3 amb el control de l&#039;Autoritat, a Espanya, l&#039;Ag\u00e8ncia espanyola de Protecci\u00f3 de Dades.<\/li>\n<li class=\"bodytext\">Modificaci\u00f3 de la pol\u00edtica de privadesa: Ens reservem el dret a modificar la seva Pol\u00edtica de Privadesa, segons els nostres propis criteris o motivat per un canvi doctrinal de l&#039;Autoritat competent de Protecci\u00f3 de Dades de legislaci\u00f3 o jurisprud\u00e8ncia. L&#039;\u00fas de la p\u00e0gina Web despr\u00e9s d&#039;aquests canvis es constitueix l&#039;acceptaci\u00f3 d&#039;aquests.<\/li>\n<li class=\"bodytext\">Legislaci\u00f3 aplicable: a Qualsevol controv\u00e8rsia o conflicte que es derivi de la utilitzaci\u00f3 d&#039;aquest Web es regiran, interpretar i presentar, d&#039;acord amb les lleis d&#039;Espanya.<\/li>\n<\/ol>","protected":false},"excerpt":{"rendered":"<p>USO Y TRATAMIENTO DE DATOS DE CAR\u00c1CTER PERSONAL Le informamos que los datos de car\u00e1cter personal que pudieran proporcionarse, a trav\u00e9s de este sitio web, as\u00ed como los que pudiera facilitar en el futuro en el marco de su relaci\u00f3n jur\u00eddica con esta entidad, ser\u00e1n incorporados a nuestra base de datos. Se informa sobre los [&hellip;]<\/p>","protected":false},"author":1,"featured_media":0,"parent":0,"menu_order":0,"comment_status":"closed","ping_status":"closed","template":"","meta":{"site-sidebar-layout":"default","site-content-layout":"default","ast-site-content-layout":"default","site-content-style":"default","site-sidebar-style":"default","ast-global-header-display":"","ast-banner-title-visibility":"","ast-main-header-display":"","ast-hfb-above-header-display":"","ast-hfb-below-header-display":"","ast-hfb-mobile-header-display":"","site-post-title":"","ast-breadcrumbs-content":"","ast-featured-img":"","footer-sml-layout":"","theme-transparent-header-meta":"default","adv-header-id-meta":"","stick-header-meta":"","header-above-stick-meta":"","header-main-stick-meta":"","header-below-stick-meta":"","astra-migrate-meta-layouts":"default","ast-page-background-enabled":"default","ast-page-background-meta":{"desktop":{"background-color":"","background-image":"","background-repeat":"repeat","background-position":"center center","background-size":"auto","background-attachment":"scroll","background-type":"","background-media":"","overlay-type":"","overlay-color":"","overlay-opacity":"","overlay-gradient":""},"tablet":{"background-color":"","background-image":"","background-repeat":"repeat","background-position":"center center","background-size":"auto","background-attachment":"scroll","background-type":"","background-media":"","overlay-type":"","overlay-color":"","overlay-opacity":"","overlay-gradient":""},"mobile":{"background-color":"","background-image":"","background-repeat":"repeat","background-position":"center center","background-size":"auto","background-attachment":"scroll","background-type":"","background-media":"","overlay-type":"","overlay-color":"","overlay-opacity":"","overlay-gradient":""}},"ast-content-background-meta":{"desktop":{"background-color":"var(--ast-global-color-5)","background-image":"","background-repeat":"repeat","background-position":"center center","background-size":"auto","background-attachment":"scroll","background-type":"","background-media":"","overlay-type":"","overlay-color":"","overlay-opacity":"","overlay-gradient":""},"tablet":{"background-color":"var(--ast-global-color-5)","background-image":"","background-repeat":"repeat","background-position":"center center","background-size":"auto","background-attachment":"scroll","background-type":"","background-media":"","overlay-type":"","overlay-color":"","overlay-opacity":"","overlay-gradient":""},"mobile":{"background-color":"var(--ast-global-color-5)","background-image":"","background-repeat":"repeat","background-position":"center center","background-size":"auto","background-attachment":"scroll","background-type":"","background-media":"","overlay-type":"","overlay-color":"","overlay-opacity":"","overlay-gradient":""}},"_joinchat":[],"footnotes":""},"class_list":["post-927","page","type-page","status-publish","hentry"],"yoast_head":"<!-- This site is optimized with the Yoast SEO plugin v25.5 - https:\/\/yoast.com\/wordpress\/plugins\/seo\/ -->\n<title>Pol\u00edtica de privacidad - Yas Est\u00e8tica Figueres<\/title>\n<meta name=\"robots\" content=\"index, follow, max-snippet:-1, max-image-preview:large, max-video-preview:-1\" \/>\n<link rel=\"canonical\" href=\"https:\/\/yasesteticafigueres.com\/ca\/politica-de-privacidad\/\" \/>\n<meta property=\"og:locale\" content=\"ca_ES\" \/>\n<meta property=\"og:type\" content=\"article\" \/>\n<meta property=\"og:title\" content=\"Pol\u00edtica de privacidad - Yas Est\u00e8tica Figueres\" \/>\n<meta property=\"og:description\" content=\"USO Y TRATAMIENTO DE DATOS DE CAR\u00c1CTER PERSONAL Le informamos que los datos de car\u00e1cter personal que pudieran proporcionarse, a trav\u00e9s de este sitio web, as\u00ed como los que pudiera facilitar en el futuro en el marco de su relaci\u00f3n jur\u00eddica con esta entidad, ser\u00e1n incorporados a nuestra base de datos. Se informa sobre los [&hellip;]\" \/>\n<meta property=\"og:url\" content=\"https:\/\/yasesteticafigueres.com\/ca\/politica-de-privacidad\/\" \/>\n<meta property=\"og:site_name\" content=\"Yas Est\u00e8tica Figueres\" \/>\n<meta property=\"article:modified_time\" content=\"2023-02-28T21:17:26+00:00\" \/>\n<meta name=\"twitter:card\" content=\"summary_large_image\" \/>\n<meta name=\"twitter:label1\" content=\"Temps estimat de lectura\" \/>\n\t<meta name=\"twitter:data1\" content=\"2 minuts\" \/>\n<script type=\"application\/ld+json\" class=\"yoast-schema-graph\">{\"@context\":\"https:\/\/schema.org\",\"@graph\":[{\"@type\":\"WebPage\",\"@id\":\"https:\/\/yasesteticafigueres.com\/politica-de-privacidad\/\",\"url\":\"https:\/\/yasesteticafigueres.com\/politica-de-privacidad\/\",\"name\":\"Pol\u00edtica de privacidad - Yas Est\u00e8tica Figueres\",\"isPartOf\":{\"@id\":\"https:\/\/yasesteticafigueres.com\/#website\"},\"datePublished\":\"2023-02-28T21:15:08+00:00\",\"dateModified\":\"2023-02-28T21:17:26+00:00\",\"breadcrumb\":{\"@id\":\"https:\/\/yasesteticafigueres.com\/politica-de-privacidad\/#breadcrumb\"},\"inLanguage\":\"ca\",\"potentialAction\":[{\"@type\":\"ReadAction\",\"target\":[\"https:\/\/yasesteticafigueres.com\/politica-de-privacidad\/\"]}]},{\"@type\":\"BreadcrumbList\",\"@id\":\"https:\/\/yasesteticafigueres.com\/politica-de-privacidad\/#breadcrumb\",\"itemListElement\":[{\"@type\":\"ListItem\",\"position\":1,\"name\":\"Portada\",\"item\":\"https:\/\/yasesteticafigueres.com\/\"},{\"@type\":\"ListItem\",\"position\":2,\"name\":\"Pol\u00edtica de privacidad\"}]},{\"@type\":\"WebSite\",\"@id\":\"https:\/\/yasesteticafigueres.com\/#website\",\"url\":\"https:\/\/yasesteticafigueres.com\/\",\"name\":\"Yas Est\u00e8tica Figueres\",\"description\":\"Centro de est\u00e9tica en Figueres especializado en p\u00e9rdida de peso, criolip\u00f3lisis, depilaci\u00f3n l\u00e1ser, recuperaci\u00f3n post-operatorio de liposucci\u00f3n y drenaje linf\u00e1tico.\",\"publisher\":{\"@id\":\"https:\/\/yasesteticafigueres.com\/#organization\"},\"potentialAction\":[{\"@type\":\"SearchAction\",\"target\":{\"@type\":\"EntryPoint\",\"urlTemplate\":\"https:\/\/yasesteticafigueres.com\/?s={search_term_string}\"},\"query-input\":{\"@type\":\"PropertyValueSpecification\",\"valueRequired\":true,\"valueName\":\"search_term_string\"}}],\"inLanguage\":\"ca\"},{\"@type\":\"Organization\",\"@id\":\"https:\/\/yasesteticafigueres.com\/#organization\",\"name\":\"Yas Est\u00e8tica Figueres\",\"url\":\"https:\/\/yasesteticafigueres.com\/\",\"logo\":{\"@type\":\"ImageObject\",\"inLanguage\":\"ca\",\"@id\":\"https:\/\/yasesteticafigueres.com\/#\/schema\/logo\/image\/\",\"url\":\"https:\/\/yasesteticafigueres.com\/wp-content\/uploads\/2024\/03\/cropped-WhatsApp-Image-2024-03-10-at-17.38.29.jpeg\",\"contentUrl\":\"https:\/\/yasesteticafigueres.com\/wp-content\/uploads\/2024\/03\/cropped-WhatsApp-Image-2024-03-10-at-17.38.29.jpeg\",\"width\":1600,\"height\":530,\"caption\":\"Yas Est\u00e8tica Figueres\"},\"image\":{\"@id\":\"https:\/\/yasesteticafigueres.com\/#\/schema\/logo\/image\/\"}}]}<\/script>\n<!-- \/ Yoast SEO plugin. -->","yoast_head_json":{"title":"Pol\u00edtica de privacidad - Yas Est\u00e8tica Figueres","robots":{"index":"index","follow":"follow","max-snippet":"max-snippet:-1","max-image-preview":"max-image-preview:large","max-video-preview":"max-video-preview:-1"},"canonical":"https:\/\/yasesteticafigueres.com\/ca\/politica-de-privacidad\/","og_locale":"ca_ES","og_type":"article","og_title":"Pol\u00edtica de privacidad - Yas Est\u00e8tica Figueres","og_description":"USO Y TRATAMIENTO DE DATOS DE CAR\u00c1CTER PERSONAL Le informamos que los datos de car\u00e1cter personal que pudieran proporcionarse, a trav\u00e9s de este sitio web, as\u00ed como los que pudiera facilitar en el futuro en el marco de su relaci\u00f3n jur\u00eddica con esta entidad, ser\u00e1n incorporados a nuestra base de datos. Se informa sobre los [&hellip;]","og_url":"https:\/\/yasesteticafigueres.com\/ca\/politica-de-privacidad\/","og_site_name":"Yas Est\u00e8tica Figueres","article_modified_time":"2023-02-28T21:17:26+00:00","twitter_card":"summary_large_image","twitter_misc":{"Temps estimat de lectura":"2 minuts"},"schema":{"@context":"https:\/\/schema.org","@graph":[{"@type":"WebPage","@id":"https:\/\/yasesteticafigueres.com\/politica-de-privacidad\/","url":"https:\/\/yasesteticafigueres.com\/politica-de-privacidad\/","name":"Pol\u00edtica de privacidad - Yas Est\u00e8tica Figueres","isPartOf":{"@id":"https:\/\/yasesteticafigueres.com\/#website"},"datePublished":"2023-02-28T21:15:08+00:00","dateModified":"2023-02-28T21:17:26+00:00","breadcrumb":{"@id":"https:\/\/yasesteticafigueres.com\/politica-de-privacidad\/#breadcrumb"},"inLanguage":"ca","potentialAction":[{"@type":"ReadAction","target":["https:\/\/yasesteticafigueres.com\/politica-de-privacidad\/"]}]},{"@type":"BreadcrumbList","@id":"https:\/\/yasesteticafigueres.com\/politica-de-privacidad\/#breadcrumb","itemListElement":[{"@type":"ListItem","position":1,"name":"Portada","item":"https:\/\/yasesteticafigueres.com\/"},{"@type":"ListItem","position":2,"name":"Pol\u00edtica de privacidad"}]},{"@type":"WebSite","@id":"https:\/\/yasesteticafigueres.com\/#website","url":"https:\/\/yasesteticafigueres.com\/","name":"Yas Est\u00e8tica Figueres","description":"Centro de est\u00e9tica en Figueres especializado en p\u00e9rdida de peso, criolip\u00f3lisis, depilaci\u00f3n l\u00e1ser, recuperaci\u00f3n post-operatorio de liposucci\u00f3n y drenaje linf\u00e1tico.","publisher":{"@id":"https:\/\/yasesteticafigueres.com\/#organization"},"potentialAction":[{"@type":"SearchAction","target":{"@type":"EntryPoint","urlTemplate":"https:\/\/yasesteticafigueres.com\/?s={search_term_string}"},"query-input":{"@type":"PropertyValueSpecification","valueRequired":true,"valueName":"search_term_string"}}],"inLanguage":"ca"},{"@type":"Organization","@id":"https:\/\/yasesteticafigueres.com\/#organization","name":"Yas Est\u00e8tica Figueres","url":"https:\/\/yasesteticafigueres.com\/","logo":{"@type":"ImageObject","inLanguage":"ca","@id":"https:\/\/yasesteticafigueres.com\/#\/schema\/logo\/image\/","url":"https:\/\/yasesteticafigueres.com\/wp-content\/uploads\/2024\/03\/cropped-WhatsApp-Image-2024-03-10-at-17.38.29.jpeg","contentUrl":"https:\/\/yasesteticafigueres.com\/wp-content\/uploads\/2024\/03\/cropped-WhatsApp-Image-2024-03-10-at-17.38.29.jpeg","width":1600,"height":530,"caption":"Yas Est\u00e8tica Figueres"},"image":{"@id":"https:\/\/yasesteticafigueres.com\/#\/schema\/logo\/image\/"}}]}},"_links":{"self":[{"href":"https:\/\/yasesteticafigueres.com\/ca\/wp-json\/wp\/v2\/pages\/927","targetHints":{"allow":["GET"]}}],"collection":[{"href":"https:\/\/yasesteticafigueres.com\/ca\/wp-json\/wp\/v2\/pages"}],"about":[{"href":"https:\/\/yasesteticafigueres.com\/ca\/wp-json\/wp\/v2\/types\/page"}],"author":[{"embeddable":true,"href":"https:\/\/yasesteticafigueres.com\/ca\/wp-json\/wp\/v2\/users\/1"}],"replies":[{"embeddable":true,"href":"https:\/\/yasesteticafigueres.com\/ca\/wp-json\/wp\/v2\/comments?post=927"}],"version-history":[{"count":0,"href":"https:\/\/yasesteticafigueres.com\/ca\/wp-json\/wp\/v2\/pages\/927\/revisions"}],"wp:attachment":[{"href":"https:\/\/yasesteticafigueres.com\/ca\/wp-json\/wp\/v2\/media?parent=927"}],"curies":[{"name":"wp","href":"https:\/\/api.w.org\/{rel}","templated":true}]}}