{"id":640,"date":"2021-04-26T07:24:31","date_gmt":"2021-04-26T07:24:31","guid":{"rendered":"https:\/\/yasesteticafigueres.com\/about-us\/"},"modified":"2023-05-21T15:45:01","modified_gmt":"2023-05-21T15:45:01","slug":"tratamientos-faciales-avanzados","status":"publish","type":"page","link":"https:\/\/yasesteticafigueres.com\/ca\/tratamientos-faciales-avanzados\/","title":{"rendered":"Tractaments facials avan\u00e7ats"},"content":{"rendered":"<div data-elementor-type=\"wp-page\" data-elementor-id=\"640\" class=\"elementor elementor-640\" data-elementor-post-type=\"page\">\n\t\t\t\t\t\t<section class=\"elementor-section elementor-top-section elementor-element elementor-element-59211a8 elementor-section-boxed elementor-section-height-default elementor-section-height-default\" data-id=\"59211a8\" data-element_type=\"section\" data-settings=\"{&quot;background_background&quot;:&quot;classic&quot;}\">\n\t\t\t\t\t\t\t<div class=\"elementor-background-overlay\"><\/div>\n\t\t\t\t\t\t\t<div class=\"elementor-container elementor-column-gap-no\">\n\t\t\t\t\t<div class=\"elementor-column elementor-col-100 elementor-top-column elementor-element elementor-element-f05915a\" data-id=\"f05915a\" data-element_type=\"column\">\n\t\t\t<div class=\"elementor-widget-wrap elementor-element-populated\">\n\t\t\t\t\t\t<div class=\"elementor-element elementor-element-bff93e2 elementor-widget elementor-widget-heading\" data-id=\"bff93e2\" data-element_type=\"widget\" data-widget_type=\"heading.default\">\n\t\t\t\t<div class=\"elementor-widget-container\">\n\t\t\t\t\t<h1 class=\"elementor-heading-title elementor-size-default\">Tractaments facials avan\u00e7ats<\/h1>\t\t\t\t<\/div>\n\t\t\t\t<\/div>\n\t\t\t\t<div class=\"elementor-element elementor-element-e811a92 elementor-widget elementor-widget-text-editor\" data-id=\"e811a92\" data-element_type=\"widget\" data-widget_type=\"text-editor.default\">\n\t\t\t\t<div class=\"elementor-widget-container\">\n\t\t\t\t\t\t\t\t\t<p class=\"bodytext\">Est\u00e0s pensant a millorar la seva aparen\u00e7a facial? En Yas est\u00e8tica Figueres ens pot ajudar. Anar i fer una cita en el nostre centre de Figueres i aprendre sobre tots els tractaments facials que es treballen. Dur a terme un diagn\u00f2stic per saber que el servei \u00e9s el m\u00e9s adequat per al teu tipus de pell.<\/p>\t\t\t\t\t\t\t\t<\/div>\n\t\t\t\t<\/div>\n\t\t\t\t\t<\/div>\n\t\t<\/div>\n\t\t\t\t\t<\/div>\n\t\t<\/section>\n\t\t\t\t<section class=\"elementor-section elementor-top-section elementor-element elementor-element-4842f65 elementor-section-boxed elementor-section-height-default elementor-section-height-default\" data-id=\"4842f65\" data-element_type=\"section\">\n\t\t\t\t\t\t<div class=\"elementor-container elementor-column-gap-default\">\n\t\t\t\t\t<div class=\"elementor-column elementor-col-50 elementor-top-column elementor-element elementor-element-8a1f95d\" data-id=\"8a1f95d\" data-element_type=\"column\" data-settings=\"{&quot;background_background&quot;:&quot;classic&quot;}\">\n\t\t\t<div class=\"elementor-widget-wrap elementor-element-populated\">\n\t\t\t\t\t<div class=\"elementor-background-overlay\"><\/div>\n\t\t\t\t\t\t<div class=\"elementor-element elementor-element-6c2ddd6 elementor-cta--skin-cover elementor-animated-content elementor-bg-transform elementor-bg-transform-zoom-in elementor-widget elementor-widget-call-to-action\" data-id=\"6c2ddd6\" data-element_type=\"widget\" data-widget_type=\"call-to-action.default\">\n\t\t\t\t<div class=\"elementor-widget-container\">\n\t\t\t\t\t\t\t<div class=\"elementor-cta\">\n\t\t\t\t\t<div class=\"elementor-cta__bg-wrapper\">\n\t\t\t\t<div class=\"elementor-cta__bg elementor-bg\" style=\"background-image: url(https:\/\/yasesteticafigueres.com\/wp-content\/uploads\/2023\/04\/hermosa-joven-encuentra-mesa-esteticista-recibe-procedimientos_343596-4233.jpg);\" role=\"img\" aria-label=\"bella-jove-troba-taula-esteticista-rep-procediments_343596-4233\"><\/div>\n\t\t\t\t<div class=\"elementor-cta__bg-overlay\"><\/div>\n\t\t\t<\/div>\n\t\t\t\t\t\t\t<div class=\"elementor-cta__content\">\n\t\t\t\t\n\t\t\t\t\t\t\t\t\t<h3 class=\"elementor-cta__title elementor-cta__content-item elementor-content-item elementor-animated-item--grow\">\n\t\t\t\t\t\tTractaments amb aparells\t\t\t\t\t<\/h3>\n\t\t\t\t\n\t\t\t\t\n\t\t\t\t\t\t\t\t\t<div class=\"elementor-cta__button-wrapper elementor-cta__content-item elementor-content-item elementor-animated-item--grow\">\n\t\t\t\t\t<a class=\"elementor-cta__button elementor-button elementor-size-\" href=\"https:\/\/yasesteticafigueres.com\/ca\/tratamientos-faciales-con-aparatologia\/\">\n\t\t\t\t\t\tVeure tractaments\t\t\t\t\t<\/a>\n\t\t\t\t\t<\/div>\n\t\t\t\t\t\t\t<\/div>\n\t\t\t\t\t\t<\/div>\n\t\t\t\t\t\t<\/div>\n\t\t\t\t<\/div>\n\t\t\t\t\t<\/div>\n\t\t<\/div>\n\t\t\t\t<div class=\"elementor-column elementor-col-50 elementor-top-column elementor-element elementor-element-50dffe9\" data-id=\"50dffe9\" data-element_type=\"column\" data-settings=\"{&quot;background_background&quot;:&quot;classic&quot;}\">\n\t\t\t<div class=\"elementor-widget-wrap elementor-element-populated\">\n\t\t\t\t\t<div class=\"elementor-background-overlay\"><\/div>\n\t\t\t\t\t\t<div class=\"elementor-element elementor-element-9539cba elementor-cta--skin-cover elementor-animated-content elementor-bg-transform elementor-bg-transform-zoom-in elementor-widget elementor-widget-call-to-action\" data-id=\"9539cba\" data-element_type=\"widget\" data-widget_type=\"call-to-action.default\">\n\t\t\t\t<div class=\"elementor-widget-container\">\n\t\t\t\t\t\t\t<div class=\"elementor-cta\">\n\t\t\t\t\t<div class=\"elementor-cta__bg-wrapper\">\n\t\t\t\t<div class=\"elementor-cta__bg elementor-bg\" style=\"background-image: url(https:\/\/yasesteticafigueres.com\/wp-content\/uploads\/2023\/04\/cosmetologa-haciendo-tratamiento-facial-aplicando-mascarilla_1303-28042.jpg);\" role=\"img\" aria-label=\"cosmetologa-fent-tractament-facial-aplicant-mascareta_1303-28042\"><\/div>\n\t\t\t\t<div class=\"elementor-cta__bg-overlay\"><\/div>\n\t\t\t<\/div>\n\t\t\t\t\t\t\t<div class=\"elementor-cta__content\">\n\t\t\t\t\n\t\t\t\t\t\t\t\t\t<h3 class=\"elementor-cta__title elementor-cta__content-item elementor-content-item elementor-animated-item--grow\">\n\t\t\t\t\t\tTractaments de cura facial Germaine de Capuccini\t\t\t\t\t<\/h3>\n\t\t\t\t\n\t\t\t\t\n\t\t\t\t\t\t\t\t\t<div class=\"elementor-cta__button-wrapper elementor-cta__content-item elementor-content-item elementor-animated-item--grow\">\n\t\t\t\t\t<a class=\"elementor-cta__button elementor-button elementor-size-\" href=\"https:\/\/yasesteticafigueres.com\/ca\/tratamientos-de-cuidado-facial-germaine-de-capuccini\/\">\n\t\t\t\t\t\tVeure tractaments\t\t\t\t\t<\/a>\n\t\t\t\t\t<\/div>\n\t\t\t\t\t\t\t<\/div>\n\t\t\t\t\t\t<\/div>\n\t\t\t\t\t\t<\/div>\n\t\t\t\t<\/div>\n\t\t\t\t\t<\/div>\n\t\t<\/div>\n\t\t\t\t\t<\/div>\n\t\t<\/section>\n\t\t\t\t<\/div>","protected":false},"excerpt":{"rendered":"<p>Tratamientos faciales avanzados \u00bfEst\u00e1s pensando en mejorar tu aspecto facial? En\u00a0Yas est\u00e8tica Figueres\u00a0podemos ayudarte. Acude o pide cita en nuestro centro en\u00a0Figueres\u00a0e inf\u00f3rmate sobre todos los\u00a0tratamientos faciales\u00a0con los que trabajamos. Te realizamos un diagn\u00f3stico para saber cu\u00e1l de los servicios es el mas adecuado para tu tipo de piel. Tratamientos con aparatolog\u00eda Ver tratamientos Tratamientos [&hellip;]<\/p>","protected":false},"author":1,"featured_media":0,"parent":0,"menu_order":0,"comment_status":"closed","ping_status":"closed","template":"","meta":{"site-sidebar-layout":"no-sidebar","site-content-layout":"page-builder","ast-site-content-layout":"default","site-content-style":"default","site-sidebar-style":"default","ast-global-header-display":"","ast-banner-title-visibility":"","ast-main-header-display":"","ast-hfb-above-header-display":"","ast-hfb-below-header-display":"","ast-hfb-mobile-header-display":"","site-post-title":"disabled","ast-breadcrumbs-content":"disabled","ast-featured-img":"disabled","footer-sml-layout":"","theme-transparent-header-meta":"disabled","adv-header-id-meta":"","stick-header-meta":"","header-above-stick-meta":"","header-main-stick-meta":"","header-below-stick-meta":"","astra-migrate-meta-layouts":"default","ast-page-background-enabled":"default","ast-page-background-meta":{"desktop":{"background-color":"","background-image":"","background-repeat":"repeat","background-position":"center center","background-size":"auto","background-attachment":"scroll","background-type":"","background-media":"","overlay-type":"","overlay-color":"","overlay-opacity":"","overlay-gradient":""},"tablet":{"background-color":"","background-image":"","background-repeat":"repeat","background-position":"center center","background-size":"auto","background-attachment":"scroll","background-type":"","background-media":"","overlay-type":"","overlay-color":"","overlay-opacity":"","overlay-gradient":""},"mobile":{"background-color":"","background-image":"","background-repeat":"repeat","background-position":"center center","background-size":"auto","background-attachment":"scroll","background-type":"","background-media":"","overlay-type":"","overlay-color":"","overlay-opacity":"","overlay-gradient":""}},"ast-content-background-meta":{"desktop":{"background-color":"var(--ast-global-color-5)","background-image":"","background-repeat":"repeat","background-position":"center center","background-size":"auto","background-attachment":"scroll","background-type":"","background-media":"","overlay-type":"","overlay-color":"","overlay-opacity":"","overlay-gradient":""},"tablet":{"background-color":"var(--ast-global-color-5)","background-image":"","background-repeat":"repeat","background-position":"center center","background-size":"auto","background-attachment":"scroll","background-type":"","background-media":"","overlay-type":"","overlay-color":"","overlay-opacity":"","overlay-gradient":""},"mobile":{"background-color":"var(--ast-global-color-5)","background-image":"","background-repeat":"repeat","background-position":"center center","background-size":"auto","background-attachment":"scroll","background-type":"","background-media":"","overlay-type":"","overlay-color":"","overlay-opacity":"","overlay-gradient":""}},"_joinchat":[],"footnotes":""},"class_list":["post-640","page","type-page","status-publish","hentry"],"yoast_head":"<!-- This site is optimized with the Yoast SEO plugin v25.5 - https:\/\/yoast.com\/wordpress\/plugins\/seo\/ -->\n<title>Tratamientos faciales avanzados - Yas Est\u00e8tica Figueres<\/title>\n<meta name=\"robots\" content=\"index, follow, max-snippet:-1, max-image-preview:large, max-video-preview:-1\" \/>\n<link rel=\"canonical\" href=\"https:\/\/yasesteticafigueres.com\/ca\/tratamientos-faciales-avanzados\/\" \/>\n<meta property=\"og:locale\" content=\"ca_ES\" \/>\n<meta property=\"og:type\" content=\"article\" \/>\n<meta property=\"og:title\" content=\"Tratamientos faciales avanzados - Yas Est\u00e8tica Figueres\" \/>\n<meta property=\"og:description\" content=\"Tratamientos faciales avanzados \u00bfEst\u00e1s pensando en mejorar tu aspecto facial? En\u00a0Yas est\u00e8tica Figueres\u00a0podemos ayudarte. Acude o pide cita en nuestro centro en\u00a0Figueres\u00a0e inf\u00f3rmate sobre todos los\u00a0tratamientos faciales\u00a0con los que trabajamos. Te realizamos un diagn\u00f3stico para saber cu\u00e1l de los servicios es el mas adecuado para tu tipo de piel. Tratamientos con aparatolog\u00eda Ver tratamientos Tratamientos [&hellip;]\" \/>\n<meta property=\"og:url\" content=\"https:\/\/yasesteticafigueres.com\/ca\/tratamientos-faciales-avanzados\/\" \/>\n<meta property=\"og:site_name\" content=\"Yas Est\u00e8tica Figueres\" \/>\n<meta property=\"article:modified_time\" content=\"2023-05-21T15:45:01+00:00\" \/>\n<meta name=\"twitter:card\" content=\"summary_large_image\" \/>\n<meta name=\"twitter:label1\" content=\"Temps estimat de lectura\" \/>\n\t<meta name=\"twitter:data1\" content=\"1 minut\" \/>\n<script type=\"application\/ld+json\" class=\"yoast-schema-graph\">{\"@context\":\"https:\/\/schema.org\",\"@graph\":[{\"@type\":\"WebPage\",\"@id\":\"https:\/\/yasesteticafigueres.com\/tratamientos-faciales-avanzados\/\",\"url\":\"https:\/\/yasesteticafigueres.com\/tratamientos-faciales-avanzados\/\",\"name\":\"Tratamientos faciales avanzados - Yas Est\u00e8tica Figueres\",\"isPartOf\":{\"@id\":\"https:\/\/yasesteticafigueres.com\/#website\"},\"datePublished\":\"2021-04-26T07:24:31+00:00\",\"dateModified\":\"2023-05-21T15:45:01+00:00\",\"breadcrumb\":{\"@id\":\"https:\/\/yasesteticafigueres.com\/tratamientos-faciales-avanzados\/#breadcrumb\"},\"inLanguage\":\"ca\",\"potentialAction\":[{\"@type\":\"ReadAction\",\"target\":[\"https:\/\/yasesteticafigueres.com\/tratamientos-faciales-avanzados\/\"]}]},{\"@type\":\"BreadcrumbList\",\"@id\":\"https:\/\/yasesteticafigueres.com\/tratamientos-faciales-avanzados\/#breadcrumb\",\"itemListElement\":[{\"@type\":\"ListItem\",\"position\":1,\"name\":\"Portada\",\"item\":\"https:\/\/yasesteticafigueres.com\/\"},{\"@type\":\"ListItem\",\"position\":2,\"name\":\"Tratamientos faciales avanzados\"}]},{\"@type\":\"WebSite\",\"@id\":\"https:\/\/yasesteticafigueres.com\/#website\",\"url\":\"https:\/\/yasesteticafigueres.com\/\",\"name\":\"Yas Est\u00e8tica Figueres\",\"description\":\"Centro de est\u00e9tica en Figueres especializado en p\u00e9rdida de peso, criolip\u00f3lisis, depilaci\u00f3n l\u00e1ser, recuperaci\u00f3n post-operatorio de liposucci\u00f3n y drenaje linf\u00e1tico.\",\"publisher\":{\"@id\":\"https:\/\/yasesteticafigueres.com\/#organization\"},\"potentialAction\":[{\"@type\":\"SearchAction\",\"target\":{\"@type\":\"EntryPoint\",\"urlTemplate\":\"https:\/\/yasesteticafigueres.com\/?s={search_term_string}\"},\"query-input\":{\"@type\":\"PropertyValueSpecification\",\"valueRequired\":true,\"valueName\":\"search_term_string\"}}],\"inLanguage\":\"ca\"},{\"@type\":\"Organization\",\"@id\":\"https:\/\/yasesteticafigueres.com\/#organization\",\"name\":\"Yas Est\u00e8tica Figueres\",\"url\":\"https:\/\/yasesteticafigueres.com\/\",\"logo\":{\"@type\":\"ImageObject\",\"inLanguage\":\"ca\",\"@id\":\"https:\/\/yasesteticafigueres.com\/#\/schema\/logo\/image\/\",\"url\":\"https:\/\/yasesteticafigueres.com\/wp-content\/uploads\/2024\/03\/cropped-WhatsApp-Image-2024-03-10-at-17.38.29.jpeg\",\"contentUrl\":\"https:\/\/yasesteticafigueres.com\/wp-content\/uploads\/2024\/03\/cropped-WhatsApp-Image-2024-03-10-at-17.38.29.jpeg\",\"width\":1600,\"height\":530,\"caption\":\"Yas Est\u00e8tica Figueres\"},\"image\":{\"@id\":\"https:\/\/yasesteticafigueres.com\/#\/schema\/logo\/image\/\"}}]}<\/script>\n<!-- \/ Yoast SEO plugin. -->","yoast_head_json":{"title":"Tratamientos faciales avanzados - Yas Est\u00e8tica Figueres","robots":{"index":"index","follow":"follow","max-snippet":"max-snippet:-1","max-image-preview":"max-image-preview:large","max-video-preview":"max-video-preview:-1"},"canonical":"https:\/\/yasesteticafigueres.com\/ca\/tratamientos-faciales-avanzados\/","og_locale":"ca_ES","og_type":"article","og_title":"Tratamientos faciales avanzados - Yas Est\u00e8tica Figueres","og_description":"Tratamientos faciales avanzados \u00bfEst\u00e1s pensando en mejorar tu aspecto facial? En\u00a0Yas est\u00e8tica Figueres\u00a0podemos ayudarte. Acude o pide cita en nuestro centro en\u00a0Figueres\u00a0e inf\u00f3rmate sobre todos los\u00a0tratamientos faciales\u00a0con los que trabajamos. Te realizamos un diagn\u00f3stico para saber cu\u00e1l de los servicios es el mas adecuado para tu tipo de piel. Tratamientos con aparatolog\u00eda Ver tratamientos Tratamientos [&hellip;]","og_url":"https:\/\/yasesteticafigueres.com\/ca\/tratamientos-faciales-avanzados\/","og_site_name":"Yas Est\u00e8tica Figueres","article_modified_time":"2023-05-21T15:45:01+00:00","twitter_card":"summary_large_image","twitter_misc":{"Temps estimat de lectura":"1 minut"},"schema":{"@context":"https:\/\/schema.org","@graph":[{"@type":"WebPage","@id":"https:\/\/yasesteticafigueres.com\/tratamientos-faciales-avanzados\/","url":"https:\/\/yasesteticafigueres.com\/tratamientos-faciales-avanzados\/","name":"Tratamientos faciales avanzados - Yas Est\u00e8tica Figueres","isPartOf":{"@id":"https:\/\/yasesteticafigueres.com\/#website"},"datePublished":"2021-04-26T07:24:31+00:00","dateModified":"2023-05-21T15:45:01+00:00","breadcrumb":{"@id":"https:\/\/yasesteticafigueres.com\/tratamientos-faciales-avanzados\/#breadcrumb"},"inLanguage":"ca","potentialAction":[{"@type":"ReadAction","target":["https:\/\/yasesteticafigueres.com\/tratamientos-faciales-avanzados\/"]}]},{"@type":"BreadcrumbList","@id":"https:\/\/yasesteticafigueres.com\/tratamientos-faciales-avanzados\/#breadcrumb","itemListElement":[{"@type":"ListItem","position":1,"name":"Portada","item":"https:\/\/yasesteticafigueres.com\/"},{"@type":"ListItem","position":2,"name":"Tratamientos faciales avanzados"}]},{"@type":"WebSite","@id":"https:\/\/yasesteticafigueres.com\/#website","url":"https:\/\/yasesteticafigueres.com\/","name":"Yas Est\u00e8tica Figueres","description":"Centro de est\u00e9tica en Figueres especializado en p\u00e9rdida de peso, criolip\u00f3lisis, depilaci\u00f3n l\u00e1ser, recuperaci\u00f3n post-operatorio de liposucci\u00f3n y drenaje linf\u00e1tico.","publisher":{"@id":"https:\/\/yasesteticafigueres.com\/#organization"},"potentialAction":[{"@type":"SearchAction","target":{"@type":"EntryPoint","urlTemplate":"https:\/\/yasesteticafigueres.com\/?s={search_term_string}"},"query-input":{"@type":"PropertyValueSpecification","valueRequired":true,"valueName":"search_term_string"}}],"inLanguage":"ca"},{"@type":"Organization","@id":"https:\/\/yasesteticafigueres.com\/#organization","name":"Yas Est\u00e8tica Figueres","url":"https:\/\/yasesteticafigueres.com\/","logo":{"@type":"ImageObject","inLanguage":"ca","@id":"https:\/\/yasesteticafigueres.com\/#\/schema\/logo\/image\/","url":"https:\/\/yasesteticafigueres.com\/wp-content\/uploads\/2024\/03\/cropped-WhatsApp-Image-2024-03-10-at-17.38.29.jpeg","contentUrl":"https:\/\/yasesteticafigueres.com\/wp-content\/uploads\/2024\/03\/cropped-WhatsApp-Image-2024-03-10-at-17.38.29.jpeg","width":1600,"height":530,"caption":"Yas Est\u00e8tica Figueres"},"image":{"@id":"https:\/\/yasesteticafigueres.com\/#\/schema\/logo\/image\/"}}]}},"_links":{"self":[{"href":"https:\/\/yasesteticafigueres.com\/ca\/wp-json\/wp\/v2\/pages\/640","targetHints":{"allow":["GET"]}}],"collection":[{"href":"https:\/\/yasesteticafigueres.com\/ca\/wp-json\/wp\/v2\/pages"}],"about":[{"href":"https:\/\/yasesteticafigueres.com\/ca\/wp-json\/wp\/v2\/types\/page"}],"author":[{"embeddable":true,"href":"https:\/\/yasesteticafigueres.com\/ca\/wp-json\/wp\/v2\/users\/1"}],"replies":[{"embeddable":true,"href":"https:\/\/yasesteticafigueres.com\/ca\/wp-json\/wp\/v2\/comments?post=640"}],"version-history":[{"count":0,"href":"https:\/\/yasesteticafigueres.com\/ca\/wp-json\/wp\/v2\/pages\/640\/revisions"}],"wp:attachment":[{"href":"https:\/\/yasesteticafigueres.com\/ca\/wp-json\/wp\/v2\/media?parent=640"}],"curies":[{"name":"wp","href":"https:\/\/api.w.org\/{rel}","templated":true}]}}