{"id":1263,"date":"2023-04-18T17:43:36","date_gmt":"2023-04-18T17:43:36","guid":{"rendered":"https:\/\/yasesteticafigueres.com\/?page_id=1263"},"modified":"2025-01-28T15:40:32","modified_gmt":"2025-01-28T14:40:32","slug":"depilacion-laser-figueres","status":"publish","type":"page","link":"https:\/\/yasesteticafigueres.com\/ca\/depilacion-laser-figueres\/","title":{"rendered":"Depilaci\u00f3 l\u00e0ser"},"content":{"rendered":"<div data-elementor-type=\"wp-page\" data-elementor-id=\"1263\" class=\"elementor elementor-1263\" data-elementor-post-type=\"page\">\n\t\t\t\t\t\t<section class=\"elementor-section elementor-top-section elementor-element elementor-element-59211a8 elementor-section-boxed elementor-section-height-default elementor-section-height-default\" data-id=\"59211a8\" data-element_type=\"section\" data-settings=\"{&quot;background_background&quot;:&quot;classic&quot;}\">\n\t\t\t\t\t\t\t<div class=\"elementor-background-overlay\"><\/div>\n\t\t\t\t\t\t\t<div class=\"elementor-container elementor-column-gap-no\">\n\t\t\t\t\t<div class=\"elementor-column elementor-col-100 elementor-top-column elementor-element elementor-element-f05915a\" data-id=\"f05915a\" data-element_type=\"column\">\n\t\t\t<div class=\"elementor-widget-wrap elementor-element-populated\">\n\t\t\t\t\t\t<div class=\"elementor-element elementor-element-bff93e2 elementor-widget elementor-widget-heading\" data-id=\"bff93e2\" data-element_type=\"widget\" data-widget_type=\"heading.default\">\n\t\t\t\t<div class=\"elementor-widget-container\">\n\t\t\t\t\t<h1 class=\"elementor-heading-title elementor-size-default\">Depilaci\u00f3 definitiva L\u00e0ser IPL - SHR\/OPT<\/h1>\t\t\t\t<\/div>\n\t\t\t\t<\/div>\n\t\t\t\t\t<\/div>\n\t\t<\/div>\n\t\t\t\t\t<\/div>\n\t\t<\/section>\n\t\t\t\t<section class=\"elementor-section elementor-top-section elementor-element elementor-element-cf04351 elementor-section-content-middle elementor-section-boxed elementor-section-height-default elementor-section-height-default\" data-id=\"cf04351\" data-element_type=\"section\">\n\t\t\t\t\t\t<div class=\"elementor-container elementor-column-gap-no\">\n\t\t\t\t\t<div class=\"elementor-column elementor-col-100 elementor-top-column elementor-element elementor-element-195e85a8\" data-id=\"195e85a8\" data-element_type=\"column\">\n\t\t\t<div class=\"elementor-widget-wrap elementor-element-populated\">\n\t\t\t\t\t\t<section class=\"elementor-section elementor-inner-section elementor-element elementor-element-718a4747 elementor-section-content-middle elementor-section-boxed elementor-section-height-default elementor-section-height-default\" data-id=\"718a4747\" data-element_type=\"section\">\n\t\t\t\t\t\t<div class=\"elementor-container elementor-column-gap-no\">\n\t\t\t\t\t<div class=\"elementor-column elementor-col-50 elementor-inner-column elementor-element elementor-element-3000896f\" data-id=\"3000896f\" data-element_type=\"column\">\n\t\t\t<div class=\"elementor-widget-wrap elementor-element-populated\">\n\t\t\t\t\t\t<div class=\"elementor-element elementor-element-200d4b0e elementor-widget elementor-widget-image\" data-id=\"200d4b0e\" data-element_type=\"widget\" data-widget_type=\"image.default\">\n\t\t\t\t<div class=\"elementor-widget-container\">\n\t\t\t\t\t\t\t\t\t\t\t\t\t\t\t<img fetchpriority=\"high\" decoding=\"async\" width=\"768\" height=\"1024\" src=\"https:\/\/yasesteticafigueres.com\/wp-content\/uploads\/2024\/10\/estetica-yas-figueres-tratamientos-corporales-tractaments-corporals-facials-faciales-girona-laser-lipolitico-768x1024.jpg\" class=\"attachment-large size-large wp-image-2149\" alt=\"Yas est\u00e8tica Figueres l\u00e0ser lipol\u00edtico\" srcset=\"https:\/\/yasesteticafigueres.com\/wp-content\/uploads\/2024\/10\/estetica-yas-figueres-tratamientos-corporales-tractaments-corporals-facials-faciales-girona-laser-lipolitico-768x1024.jpg 768w, https:\/\/yasesteticafigueres.com\/wp-content\/uploads\/2024\/10\/estetica-yas-figueres-tratamientos-corporales-tractaments-corporals-facials-faciales-girona-laser-lipolitico-225x300.jpg 225w, https:\/\/yasesteticafigueres.com\/wp-content\/uploads\/2024\/10\/estetica-yas-figueres-tratamientos-corporales-tractaments-corporals-facials-faciales-girona-laser-lipolitico-1152x1536.jpg 1152w, https:\/\/yasesteticafigueres.com\/wp-content\/uploads\/2024\/10\/estetica-yas-figueres-tratamientos-corporales-tractaments-corporals-facials-faciales-girona-laser-lipolitico-1536x2048.jpg 1536w, https:\/\/yasesteticafigueres.com\/wp-content\/uploads\/2024\/10\/estetica-yas-figueres-tratamientos-corporales-tractaments-corporals-facials-faciales-girona-laser-lipolitico-9x12.jpg 9w, https:\/\/yasesteticafigueres.com\/wp-content\/uploads\/2024\/10\/estetica-yas-figueres-tratamientos-corporales-tractaments-corporals-facials-faciales-girona-laser-lipolitico-600x800.jpg 600w, https:\/\/yasesteticafigueres.com\/wp-content\/uploads\/2024\/10\/estetica-yas-figueres-tratamientos-corporales-tractaments-corporals-facials-faciales-girona-laser-lipolitico-scaled.jpg 1920w\" sizes=\"(max-width: 768px) 100vw, 768px\" \/>\t\t\t\t\t\t\t\t\t\t\t\t\t\t\t<\/div>\n\t\t\t\t<\/div>\n\t\t\t\t\t<\/div>\n\t\t<\/div>\n\t\t\t\t<div class=\"elementor-column elementor-col-50 elementor-inner-column elementor-element elementor-element-17b4e98b\" data-id=\"17b4e98b\" data-element_type=\"column\">\n\t\t\t<div class=\"elementor-widget-wrap elementor-element-populated\">\n\t\t\t\t\t\t<div class=\"elementor-element elementor-element-4973710c elementor-widget elementor-widget-heading\" data-id=\"4973710c\" data-element_type=\"widget\" data-widget_type=\"heading.default\">\n\t\t\t\t<div class=\"elementor-widget-container\">\n\t\t\t\t\t<h2 class=\"elementor-heading-title elementor-size-default\">Depilaci\u00f3 Definitiva SHR\/OPT <\/h2>\t\t\t\t<\/div>\n\t\t\t\t<\/div>\n\t\t\t\t<div class=\"elementor-element elementor-element-592ce78e elementor-widget elementor-widget-text-editor\" data-id=\"592ce78e\" data-element_type=\"widget\" data-widget_type=\"text-editor.default\">\n\t\t\t\t<div class=\"elementor-widget-container\">\n\t\t\t\t\t\t\t\t\t<p>Al nostre Centre disposem d'un tractament durador, efectiu i \u00fanic per eliminar completament el p\u00e8l. Unes de les caracter\u00edstiques m\u00e9s importants a m\u00e9s \u00e9s que \u00e9s INDOLOR.<\/p><p>El sistema combina la tecnologia l\u00e0ser i els beneficis del m\u00e8tode de llum polsada, aconseguint resultats pr\u00e0cticament indolors. En el tractament s'absorbeix aigua de manera que el pacient no sent dolor.<\/p><p>Sistema SHR significa Super Hair Removal, \u00e9s un enfoc revolucionari, que consisteix en el bombardeig de la pell amb grans quantitats d'Energia (Joules), el sistema SHR dispara m\u00faltiples trets, per\u00f2 amb el nivell d'energia baix, i en fer-ho s'escalfa suaument el fol\u00b7licle pil\u00f3s per aplicar la calor justa i necess\u00e0ria.\u00a0<\/p><p>Comptem amb un equip de foto depilaci\u00f3 IPL OPT (SHR) amb la nova tecnologia AFT (Tecnologia de fluoresc\u00e8ncia avan\u00e7ada).<\/p><p><strong>Demana'ns informaci\u00f3 i assessorament professional per <span style=\"color: #df4457;\"><a style=\"color: #df4457;\" href=\"https:\/\/wa.me\/+34638728047\">whatsapp <\/a><a style=\"color: #df4457;\" href=\"https:\/\/wa.me\/+34638728047\">638728047<\/a><\/span>.<\/strong><\/p>\t\t\t\t\t\t\t\t<\/div>\n\t\t\t\t<\/div>\n\t\t\t\t\t<\/div>\n\t\t<\/div>\n\t\t\t\t\t<\/div>\n\t\t<\/section>\n\t\t\t\t\t<\/div>\n\t\t<\/div>\n\t\t\t\t\t<\/div>\n\t\t<\/section>\n\t\t\t\t<section class=\"elementor-section elementor-top-section elementor-element elementor-element-9abf278 elementor-section-stretched elementor-section-boxed elementor-section-height-default elementor-section-height-default\" data-id=\"9abf278\" data-element_type=\"section\" data-settings=\"{&quot;stretch_section&quot;:&quot;section-stretched&quot;}\">\n\t\t\t\t\t\t<div class=\"elementor-container elementor-column-gap-default\">\n\t\t\t\t\t<div class=\"elementor-column elementor-col-100 elementor-top-column elementor-element elementor-element-ed34b00\" data-id=\"ed34b00\" data-element_type=\"column\">\n\t\t\t<div class=\"elementor-widget-wrap elementor-element-populated\">\n\t\t\t\t\t\t<div class=\"elementor-element elementor-element-27a552a elementor-widget__width-inherit elementor-widget elementor-widget-video\" data-id=\"27a552a\" data-element_type=\"widget\" data-settings=\"{&quot;video_type&quot;:&quot;hosted&quot;,&quot;autoplay&quot;:&quot;yes&quot;,&quot;play_on_mobile&quot;:&quot;yes&quot;,&quot;mute&quot;:&quot;yes&quot;,&quot;loop&quot;:&quot;yes&quot;}\" data-widget_type=\"video.default\">\n\t\t\t\t<div class=\"elementor-widget-container\">\n\t\t\t\t\t\t\t<div class=\"e-hosted-video elementor-wrapper elementor-open-inline\">\n\t\t\t\t\t<video class=\"elementor-video\" src=\"https:\/\/yasesteticafigueres.com\/wp-content\/uploads\/2025\/01\/10-YAS-OCTUBRE24-laser-SHR-comp.mp4\" autoplay=\"\" loop=\"\" muted=\"muted\" playsinline=\"\" controlslist=\"nodownload\"><\/video>\n\t\t\t\t<\/div>\n\t\t\t\t\t\t<\/div>\n\t\t\t\t<\/div>\n\t\t\t\t\t<\/div>\n\t\t<\/div>\n\t\t\t\t\t<\/div>\n\t\t<\/section>\n\t\t\t\t<section class=\"elementor-section elementor-top-section elementor-element elementor-element-8bb6a50 elementor-reverse-mobile elementor-section-boxed elementor-section-height-default elementor-section-height-default\" data-id=\"8bb6a50\" data-element_type=\"section\">\n\t\t\t\t\t\t<div class=\"elementor-container elementor-column-gap-no\">\n\t\t\t\t\t<div class=\"elementor-column elementor-col-50 elementor-top-column elementor-element elementor-element-ec05594\" data-id=\"ec05594\" data-element_type=\"column\" data-settings=\"{&quot;background_background&quot;:&quot;classic&quot;}\">\n\t\t\t<div class=\"elementor-widget-wrap elementor-element-populated\">\n\t\t\t\t\t\t<div class=\"elementor-element elementor-element-d218b36 elementor-widget elementor-widget-heading\" data-id=\"d218b36\" data-element_type=\"widget\" data-widget_type=\"heading.default\">\n\t\t\t\t<div class=\"elementor-widget-container\">\n\t\t\t\t\t<h3 class=\"elementor-heading-title elementor-size-default\">Coneix tot el que podem fer per tu<\/h3>\t\t\t\t<\/div>\n\t\t\t\t<\/div>\n\t\t\t\t<div class=\"elementor-element elementor-element-cf3a33d elementor-widget elementor-widget-text-editor\" data-id=\"cf3a33d\" data-element_type=\"widget\" data-widget_type=\"text-editor.default\">\n\t\t\t\t<div class=\"elementor-widget-container\">\n\t\t\t\t\t\t\t\t\t<p>Vine a visitar-nos al nostre centre d'est\u00e8tica avan\u00e7ada i descobreix els tractaments facials m\u00e9s avan\u00e7ats.<\/p>\t\t\t\t\t\t\t\t<\/div>\n\t\t\t\t<\/div>\n\t\t\t\t<div class=\"elementor-element elementor-element-77ab124 elementor-widget elementor-widget-button\" data-id=\"77ab124\" data-element_type=\"widget\" data-widget_type=\"button.default\">\n\t\t\t\t<div class=\"elementor-widget-container\">\n\t\t\t\t\t\t\t\t\t<div class=\"elementor-button-wrapper\">\n\t\t\t\t\t<a class=\"elementor-button elementor-button-link elementor-size-sm\" href=\"https:\/\/yasesteticafigueres.com\/ca\/contacto\/\">\n\t\t\t\t\t\t<span class=\"elementor-button-content-wrapper\">\n\t\t\t\t\t\t\t\t\t<span class=\"elementor-button-text\">Sol\u00b7licitar una cita<\/span>\n\t\t\t\t\t<\/span>\n\t\t\t\t\t<\/a>\n\t\t\t\t<\/div>\n\t\t\t\t\t\t\t\t<\/div>\n\t\t\t\t<\/div>\n\t\t\t\t\t<\/div>\n\t\t<\/div>\n\t\t\t\t<div class=\"elementor-column elementor-col-50 elementor-top-column elementor-element elementor-element-50af83c\" data-id=\"50af83c\" data-element_type=\"column\">\n\t\t\t<div class=\"elementor-widget-wrap elementor-element-populated\">\n\t\t\t\t\t\t<div class=\"elementor-element elementor-element-6d9df51 elementor-widget elementor-widget-image\" data-id=\"6d9df51\" data-element_type=\"widget\" data-widget_type=\"image.default\">\n\t\t\t\t<div class=\"elementor-widget-container\">\n\t\t\t\t\t\t\t\t\t\t\t\t\t\t\t<img decoding=\"async\" width=\"1081\" height=\"821\" src=\"https:\/\/yasesteticafigueres.com\/wp-content\/uploads\/2024\/09\/07-YAS-JULIOL24-silvi2-e1727086043726.jpg\" class=\"attachment-full size-full wp-image-1908\" alt=\"\" srcset=\"https:\/\/yasesteticafigueres.com\/wp-content\/uploads\/2024\/09\/07-YAS-JULIOL24-silvi2-e1727086043726.jpg 1081w, https:\/\/yasesteticafigueres.com\/wp-content\/uploads\/2024\/09\/07-YAS-JULIOL24-silvi2-e1727086043726-300x228.jpg 300w, https:\/\/yasesteticafigueres.com\/wp-content\/uploads\/2024\/09\/07-YAS-JULIOL24-silvi2-e1727086043726-1024x778.jpg 1024w, https:\/\/yasesteticafigueres.com\/wp-content\/uploads\/2024\/09\/07-YAS-JULIOL24-silvi2-e1727086043726-768x583.jpg 768w, https:\/\/yasesteticafigueres.com\/wp-content\/uploads\/2024\/09\/07-YAS-JULIOL24-silvi2-e1727086043726-16x12.jpg 16w, https:\/\/yasesteticafigueres.com\/wp-content\/uploads\/2024\/09\/07-YAS-JULIOL24-silvi2-e1727086043726-600x456.jpg 600w\" sizes=\"(max-width: 1081px) 100vw, 1081px\" \/>\t\t\t\t\t\t\t\t\t\t\t\t\t\t\t<\/div>\n\t\t\t\t<\/div>\n\t\t\t\t\t<\/div>\n\t\t<\/div>\n\t\t\t\t\t<\/div>\n\t\t<\/section>\n\t\t\t\t<\/div>","protected":false},"excerpt":{"rendered":"<p>Depilaci\u00f3n definitiva L\u00e1ser IPL &#8211; SHR\/OPT Depilaci\u00f3n Definitiva SHR\/OPT En nuestro Centro disponemos de un tratamiento duradero, efectivo y \u00fanico para eliminar completamente el vello . Unas de las caracter\u00edsticas m\u00e1s importantes adem\u00e1s es que es INDOLORO. El sistema combina la tecnolog\u00eda l\u00e1ser y los beneficios del m\u00e9todo de luz pulsada logrando resultados pr\u00e1cticamente indoloros. [&hellip;]<\/p>","protected":false},"author":1,"featured_media":0,"parent":0,"menu_order":0,"comment_status":"closed","ping_status":"closed","template":"","meta":{"site-sidebar-layout":"no-sidebar","site-content-layout":"page-builder","ast-site-content-layout":"default","site-content-style":"default","site-sidebar-style":"default","ast-global-header-display":"","ast-banner-title-visibility":"","ast-main-header-display":"","ast-hfb-above-header-display":"","ast-hfb-below-header-display":"","ast-hfb-mobile-header-display":"","site-post-title":"disabled","ast-breadcrumbs-content":"disabled","ast-featured-img":"disabled","footer-sml-layout":"","theme-transparent-header-meta":"disabled","adv-header-id-meta":"","stick-header-meta":"","header-above-stick-meta":"","header-main-stick-meta":"","header-below-stick-meta":"","astra-migrate-meta-layouts":"default","ast-page-background-enabled":"default","ast-page-background-meta":{"desktop":{"background-color":"","background-image":"","background-repeat":"repeat","background-position":"center center","background-size":"auto","background-attachment":"scroll","background-type":"","background-media":"","overlay-type":"","overlay-color":"","overlay-opacity":"","overlay-gradient":""},"tablet":{"background-color":"","background-image":"","background-repeat":"repeat","background-position":"center center","background-size":"auto","background-attachment":"scroll","background-type":"","background-media":"","overlay-type":"","overlay-color":"","overlay-opacity":"","overlay-gradient":""},"mobile":{"background-color":"","background-image":"","background-repeat":"repeat","background-position":"center center","background-size":"auto","background-attachment":"scroll","background-type":"","background-media":"","overlay-type":"","overlay-color":"","overlay-opacity":"","overlay-gradient":""}},"ast-content-background-meta":{"desktop":{"background-color":"var(--ast-global-color-5)","background-image":"","background-repeat":"repeat","background-position":"center center","background-size":"auto","background-attachment":"scroll","background-type":"","background-media":"","overlay-type":"","overlay-color":"","overlay-opacity":"","overlay-gradient":""},"tablet":{"background-color":"var(--ast-global-color-5)","background-image":"","background-repeat":"repeat","background-position":"center center","background-size":"auto","background-attachment":"scroll","background-type":"","background-media":"","overlay-type":"","overlay-color":"","overlay-opacity":"","overlay-gradient":""},"mobile":{"background-color":"var(--ast-global-color-5)","background-image":"","background-repeat":"repeat","background-position":"center center","background-size":"auto","background-attachment":"scroll","background-type":"","background-media":"","overlay-type":"","overlay-color":"","overlay-opacity":"","overlay-gradient":""}},"_joinchat":[],"footnotes":""},"class_list":["post-1263","page","type-page","status-publish","hentry"],"yoast_head":"<!-- This site is optimized with the Yoast SEO plugin v25.5 - https:\/\/yoast.com\/wordpress\/plugins\/seo\/ -->\n<title>Depilaci\u00f3n Laser Figueres | Yas Est\u00e8tica Figueres<\/title>\n<meta name=\"description\" content=\"En nuestro Centro de Depilaci\u00f3n l\u00e1ser en Figueres, te ofrecemos servicio depilaci\u00f3n l\u00e1ser diodo al mejor precio y con la \u00faltima tecnolog\u00eda.\" \/>\n<meta name=\"robots\" content=\"index, follow, max-snippet:-1, max-image-preview:large, max-video-preview:-1\" \/>\n<link rel=\"canonical\" href=\"https:\/\/yasesteticafigueres.com\/ca\/depilacion-laser-figueres\/\" \/>\n<meta property=\"og:locale\" content=\"ca_ES\" \/>\n<meta property=\"og:type\" content=\"article\" \/>\n<meta property=\"og:title\" content=\"Depilaci\u00f3n Laser Figueres | Yas Est\u00e8tica Figueres\" \/>\n<meta property=\"og:description\" content=\"En nuestro Centro de Depilaci\u00f3n l\u00e1ser en Figueres, te ofrecemos servicio depilaci\u00f3n l\u00e1ser diodo al mejor precio y con la \u00faltima tecnolog\u00eda.\" \/>\n<meta property=\"og:url\" content=\"https:\/\/yasesteticafigueres.com\/ca\/depilacion-laser-figueres\/\" \/>\n<meta property=\"og:site_name\" content=\"Yas Est\u00e8tica Figueres\" \/>\n<meta property=\"article:modified_time\" content=\"2025-01-28T14:40:32+00:00\" \/>\n<meta property=\"og:image\" content=\"https:\/\/yasesteticafigueres.com\/wp-content\/uploads\/2024\/10\/estetica-yas-figueres-tratamientos-corporales-tractaments-corporals-facials-faciales-girona-laser-lipolitico-scaled.jpg\" \/>\n\t<meta property=\"og:image:width\" content=\"1920\" \/>\n\t<meta property=\"og:image:height\" content=\"2560\" \/>\n\t<meta property=\"og:image:type\" content=\"image\/jpeg\" \/>\n<meta name=\"twitter:card\" content=\"summary_large_image\" \/>\n<meta name=\"twitter:label1\" content=\"Temps estimat de lectura\" \/>\n\t<meta name=\"twitter:data1\" content=\"2 minuts\" \/>\n<script type=\"application\/ld+json\" class=\"yoast-schema-graph\">{\"@context\":\"https:\/\/schema.org\",\"@graph\":[{\"@type\":\"WebPage\",\"@id\":\"https:\/\/yasesteticafigueres.com\/depilacion-laser-figueres\/\",\"url\":\"https:\/\/yasesteticafigueres.com\/depilacion-laser-figueres\/\",\"name\":\"Depilaci\u00f3n Laser Figueres | Yas Est\u00e8tica Figueres\",\"isPartOf\":{\"@id\":\"https:\/\/yasesteticafigueres.com\/#website\"},\"primaryImageOfPage\":{\"@id\":\"https:\/\/yasesteticafigueres.com\/depilacion-laser-figueres\/#primaryimage\"},\"image\":{\"@id\":\"https:\/\/yasesteticafigueres.com\/depilacion-laser-figueres\/#primaryimage\"},\"thumbnailUrl\":\"https:\/\/yasesteticafigueres.com\/wp-content\/uploads\/2024\/10\/estetica-yas-figueres-tratamientos-corporales-tractaments-corporals-facials-faciales-girona-laser-lipolitico-768x1024.jpg\",\"datePublished\":\"2023-04-18T17:43:36+00:00\",\"dateModified\":\"2025-01-28T14:40:32+00:00\",\"description\":\"En nuestro Centro de Depilaci\u00f3n l\u00e1ser en Figueres, te ofrecemos servicio depilaci\u00f3n l\u00e1ser diodo al mejor precio y con la \u00faltima tecnolog\u00eda.\",\"breadcrumb\":{\"@id\":\"https:\/\/yasesteticafigueres.com\/depilacion-laser-figueres\/#breadcrumb\"},\"inLanguage\":\"ca\",\"potentialAction\":[{\"@type\":\"ReadAction\",\"target\":[\"https:\/\/yasesteticafigueres.com\/depilacion-laser-figueres\/\"]}]},{\"@type\":\"ImageObject\",\"inLanguage\":\"ca\",\"@id\":\"https:\/\/yasesteticafigueres.com\/depilacion-laser-figueres\/#primaryimage\",\"url\":\"https:\/\/yasesteticafigueres.com\/wp-content\/uploads\/2024\/10\/estetica-yas-figueres-tratamientos-corporales-tractaments-corporals-facials-faciales-girona-laser-lipolitico-768x1024.jpg\",\"contentUrl\":\"https:\/\/yasesteticafigueres.com\/wp-content\/uploads\/2024\/10\/estetica-yas-figueres-tratamientos-corporales-tractaments-corporals-facials-faciales-girona-laser-lipolitico-768x1024.jpg\"},{\"@type\":\"BreadcrumbList\",\"@id\":\"https:\/\/yasesteticafigueres.com\/depilacion-laser-figueres\/#breadcrumb\",\"itemListElement\":[{\"@type\":\"ListItem\",\"position\":1,\"name\":\"Portada\",\"item\":\"https:\/\/yasesteticafigueres.com\/\"},{\"@type\":\"ListItem\",\"position\":2,\"name\":\"Depilaci\u00f3n laser\"}]},{\"@type\":\"WebSite\",\"@id\":\"https:\/\/yasesteticafigueres.com\/#website\",\"url\":\"https:\/\/yasesteticafigueres.com\/\",\"name\":\"Yas Est\u00e8tica Figueres\",\"description\":\"Centro de est\u00e9tica en Figueres especializado en p\u00e9rdida de peso, criolip\u00f3lisis, depilaci\u00f3n l\u00e1ser, recuperaci\u00f3n post-operatorio de liposucci\u00f3n y drenaje linf\u00e1tico.\",\"publisher\":{\"@id\":\"https:\/\/yasesteticafigueres.com\/#organization\"},\"potentialAction\":[{\"@type\":\"SearchAction\",\"target\":{\"@type\":\"EntryPoint\",\"urlTemplate\":\"https:\/\/yasesteticafigueres.com\/?s={search_term_string}\"},\"query-input\":{\"@type\":\"PropertyValueSpecification\",\"valueRequired\":true,\"valueName\":\"search_term_string\"}}],\"inLanguage\":\"ca\"},{\"@type\":\"Organization\",\"@id\":\"https:\/\/yasesteticafigueres.com\/#organization\",\"name\":\"Yas Est\u00e8tica Figueres\",\"url\":\"https:\/\/yasesteticafigueres.com\/\",\"logo\":{\"@type\":\"ImageObject\",\"inLanguage\":\"ca\",\"@id\":\"https:\/\/yasesteticafigueres.com\/#\/schema\/logo\/image\/\",\"url\":\"https:\/\/yasesteticafigueres.com\/wp-content\/uploads\/2024\/03\/cropped-WhatsApp-Image-2024-03-10-at-17.38.29.jpeg\",\"contentUrl\":\"https:\/\/yasesteticafigueres.com\/wp-content\/uploads\/2024\/03\/cropped-WhatsApp-Image-2024-03-10-at-17.38.29.jpeg\",\"width\":1600,\"height\":530,\"caption\":\"Yas Est\u00e8tica Figueres\"},\"image\":{\"@id\":\"https:\/\/yasesteticafigueres.com\/#\/schema\/logo\/image\/\"}}]}<\/script>\n<!-- \/ Yoast SEO plugin. -->","yoast_head_json":{"title":"Depilaci\u00f3n Laser Figueres | Yas Est\u00e8tica Figueres","description":"En nuestro Centro de Depilaci\u00f3n l\u00e1ser en Figueres, te ofrecemos servicio depilaci\u00f3n l\u00e1ser diodo al mejor precio y con la \u00faltima tecnolog\u00eda.","robots":{"index":"index","follow":"follow","max-snippet":"max-snippet:-1","max-image-preview":"max-image-preview:large","max-video-preview":"max-video-preview:-1"},"canonical":"https:\/\/yasesteticafigueres.com\/ca\/depilacion-laser-figueres\/","og_locale":"ca_ES","og_type":"article","og_title":"Depilaci\u00f3n Laser Figueres | Yas Est\u00e8tica Figueres","og_description":"En nuestro Centro de Depilaci\u00f3n l\u00e1ser en Figueres, te ofrecemos servicio depilaci\u00f3n l\u00e1ser diodo al mejor precio y con la \u00faltima tecnolog\u00eda.","og_url":"https:\/\/yasesteticafigueres.com\/ca\/depilacion-laser-figueres\/","og_site_name":"Yas Est\u00e8tica Figueres","article_modified_time":"2025-01-28T14:40:32+00:00","og_image":[{"width":1920,"height":2560,"url":"https:\/\/yasesteticafigueres.com\/wp-content\/uploads\/2024\/10\/estetica-yas-figueres-tratamientos-corporales-tractaments-corporals-facials-faciales-girona-laser-lipolitico-scaled.jpg","type":"image\/jpeg"}],"twitter_card":"summary_large_image","twitter_misc":{"Temps estimat de lectura":"2 minuts"},"schema":{"@context":"https:\/\/schema.org","@graph":[{"@type":"WebPage","@id":"https:\/\/yasesteticafigueres.com\/depilacion-laser-figueres\/","url":"https:\/\/yasesteticafigueres.com\/depilacion-laser-figueres\/","name":"Depilaci\u00f3n Laser Figueres | Yas Est\u00e8tica Figueres","isPartOf":{"@id":"https:\/\/yasesteticafigueres.com\/#website"},"primaryImageOfPage":{"@id":"https:\/\/yasesteticafigueres.com\/depilacion-laser-figueres\/#primaryimage"},"image":{"@id":"https:\/\/yasesteticafigueres.com\/depilacion-laser-figueres\/#primaryimage"},"thumbnailUrl":"https:\/\/yasesteticafigueres.com\/wp-content\/uploads\/2024\/10\/estetica-yas-figueres-tratamientos-corporales-tractaments-corporals-facials-faciales-girona-laser-lipolitico-768x1024.jpg","datePublished":"2023-04-18T17:43:36+00:00","dateModified":"2025-01-28T14:40:32+00:00","description":"En nuestro Centro de Depilaci\u00f3n l\u00e1ser en Figueres, te ofrecemos servicio depilaci\u00f3n l\u00e1ser diodo al mejor precio y con la \u00faltima tecnolog\u00eda.","breadcrumb":{"@id":"https:\/\/yasesteticafigueres.com\/depilacion-laser-figueres\/#breadcrumb"},"inLanguage":"ca","potentialAction":[{"@type":"ReadAction","target":["https:\/\/yasesteticafigueres.com\/depilacion-laser-figueres\/"]}]},{"@type":"ImageObject","inLanguage":"ca","@id":"https:\/\/yasesteticafigueres.com\/depilacion-laser-figueres\/#primaryimage","url":"https:\/\/yasesteticafigueres.com\/wp-content\/uploads\/2024\/10\/estetica-yas-figueres-tratamientos-corporales-tractaments-corporals-facials-faciales-girona-laser-lipolitico-768x1024.jpg","contentUrl":"https:\/\/yasesteticafigueres.com\/wp-content\/uploads\/2024\/10\/estetica-yas-figueres-tratamientos-corporales-tractaments-corporals-facials-faciales-girona-laser-lipolitico-768x1024.jpg"},{"@type":"BreadcrumbList","@id":"https:\/\/yasesteticafigueres.com\/depilacion-laser-figueres\/#breadcrumb","itemListElement":[{"@type":"ListItem","position":1,"name":"Portada","item":"https:\/\/yasesteticafigueres.com\/"},{"@type":"ListItem","position":2,"name":"Depilaci\u00f3n laser"}]},{"@type":"WebSite","@id":"https:\/\/yasesteticafigueres.com\/#website","url":"https:\/\/yasesteticafigueres.com\/","name":"Yas Est\u00e8tica Figueres","description":"Centro de est\u00e9tica en Figueres especializado en p\u00e9rdida de peso, criolip\u00f3lisis, depilaci\u00f3n l\u00e1ser, recuperaci\u00f3n post-operatorio de liposucci\u00f3n y drenaje linf\u00e1tico.","publisher":{"@id":"https:\/\/yasesteticafigueres.com\/#organization"},"potentialAction":[{"@type":"SearchAction","target":{"@type":"EntryPoint","urlTemplate":"https:\/\/yasesteticafigueres.com\/?s={search_term_string}"},"query-input":{"@type":"PropertyValueSpecification","valueRequired":true,"valueName":"search_term_string"}}],"inLanguage":"ca"},{"@type":"Organization","@id":"https:\/\/yasesteticafigueres.com\/#organization","name":"Yas Est\u00e8tica Figueres","url":"https:\/\/yasesteticafigueres.com\/","logo":{"@type":"ImageObject","inLanguage":"ca","@id":"https:\/\/yasesteticafigueres.com\/#\/schema\/logo\/image\/","url":"https:\/\/yasesteticafigueres.com\/wp-content\/uploads\/2024\/03\/cropped-WhatsApp-Image-2024-03-10-at-17.38.29.jpeg","contentUrl":"https:\/\/yasesteticafigueres.com\/wp-content\/uploads\/2024\/03\/cropped-WhatsApp-Image-2024-03-10-at-17.38.29.jpeg","width":1600,"height":530,"caption":"Yas Est\u00e8tica Figueres"},"image":{"@id":"https:\/\/yasesteticafigueres.com\/#\/schema\/logo\/image\/"}}]}},"_links":{"self":[{"href":"https:\/\/yasesteticafigueres.com\/ca\/wp-json\/wp\/v2\/pages\/1263","targetHints":{"allow":["GET"]}}],"collection":[{"href":"https:\/\/yasesteticafigueres.com\/ca\/wp-json\/wp\/v2\/pages"}],"about":[{"href":"https:\/\/yasesteticafigueres.com\/ca\/wp-json\/wp\/v2\/types\/page"}],"author":[{"embeddable":true,"href":"https:\/\/yasesteticafigueres.com\/ca\/wp-json\/wp\/v2\/users\/1"}],"replies":[{"embeddable":true,"href":"https:\/\/yasesteticafigueres.com\/ca\/wp-json\/wp\/v2\/comments?post=1263"}],"version-history":[{"count":0,"href":"https:\/\/yasesteticafigueres.com\/ca\/wp-json\/wp\/v2\/pages\/1263\/revisions"}],"wp:attachment":[{"href":"https:\/\/yasesteticafigueres.com\/ca\/wp-json\/wp\/v2\/media?parent=1263"}],"curies":[{"name":"wp","href":"https:\/\/api.w.org\/{rel}","templated":true}]}}