{"id":1028,"date":"2023-02-28T22:05:36","date_gmt":"2023-02-28T22:05:36","guid":{"rendered":"https:\/\/yasesteticafigueres.com\/?page_id=1028"},"modified":"2024-10-22T12:43:09","modified_gmt":"2024-10-22T10:43:09","slug":"tratamientos-corporales","status":"publish","type":"page","link":"https:\/\/yasesteticafigueres.com\/ca\/tratamientos-corporales\/","title":{"rendered":"Tractaments corporals"},"content":{"rendered":"<div data-elementor-type=\"wp-page\" data-elementor-id=\"1028\" class=\"elementor elementor-1028\" data-elementor-post-type=\"page\">\n\t\t\t\t\t\t<section class=\"elementor-section elementor-top-section elementor-element elementor-element-59211a8 elementor-section-boxed elementor-section-height-default elementor-section-height-default\" data-id=\"59211a8\" data-element_type=\"section\" data-settings=\"{&quot;background_background&quot;:&quot;classic&quot;}\">\n\t\t\t\t\t\t\t<div class=\"elementor-background-overlay\"><\/div>\n\t\t\t\t\t\t\t<div class=\"elementor-container elementor-column-gap-no\">\n\t\t\t\t\t<div class=\"elementor-column elementor-col-100 elementor-top-column elementor-element elementor-element-f05915a\" data-id=\"f05915a\" data-element_type=\"column\">\n\t\t\t<div class=\"elementor-widget-wrap elementor-element-populated\">\n\t\t\t\t\t\t<div class=\"elementor-element elementor-element-bff93e2 elementor-widget elementor-widget-heading\" data-id=\"bff93e2\" data-element_type=\"widget\" data-widget_type=\"heading.default\">\n\t\t\t\t<div class=\"elementor-widget-container\">\n\t\t\t\t\t<h1 class=\"elementor-heading-title elementor-size-default\">Tractaments corporals a Figueres<\/h1>\t\t\t\t<\/div>\n\t\t\t\t<\/div>\n\t\t\t\t<div class=\"elementor-element elementor-element-e811a92 elementor-hidden-tablet elementor-hidden-mobile elementor-widget elementor-widget-text-editor\" data-id=\"e811a92\" data-element_type=\"widget\" data-widget_type=\"text-editor.default\">\n\t\t\t\t<div class=\"elementor-widget-container\">\n\t\t\t\t\t\t\t\t\t<p class=\"bodytext\">Con\u00e8ixer tots els nostres tractaments corporals. En Yas est\u00e8tica Figueres, hem equips adequats per a la seg\u00fcent, tractaments d&#039;aprimament, molders, drenatge, el post liposucci\u00f3, reafirmant, anticeluliticos, antiestrias... Tot aix\u00f2 a Figueres. Contacta amb nosaltres i demana&#039;ns tota la informaci\u00f3 que necessita, anem a donar-se sense cap tipus de comprom\u00eds. A m\u00e9s a m\u00e9s, vost\u00e8 tamb\u00e9 haur\u00e0 de tenir l&#039;assessorament dels nostres professionals.\u00a0<\/p>\t\t\t\t\t\t\t\t<\/div>\n\t\t\t\t<\/div>\n\t\t\t\t\t<\/div>\n\t\t<\/div>\n\t\t\t\t\t<\/div>\n\t\t<\/section>\n\t\t\t\t<section class=\"elementor-section elementor-top-section elementor-element elementor-element-35b3a6f elementor-section-boxed elementor-section-height-default elementor-section-height-default\" data-id=\"35b3a6f\" data-element_type=\"section\">\n\t\t\t\t\t\t<div class=\"elementor-container elementor-column-gap-default\">\n\t\t\t\t\t<div class=\"elementor-column elementor-col-50 elementor-top-column elementor-element elementor-element-8ce65f4\" data-id=\"8ce65f4\" data-element_type=\"column\" data-settings=\"{&quot;background_background&quot;:&quot;classic&quot;}\">\n\t\t\t<div class=\"elementor-widget-wrap elementor-element-populated\">\n\t\t\t\t\t<div class=\"elementor-background-overlay\"><\/div>\n\t\t\t\t\t\t<div class=\"elementor-element elementor-element-74d3539 elementor-cta--skin-cover elementor-animated-content elementor-bg-transform elementor-bg-transform-zoom-in elementor-widget elementor-widget-call-to-action\" data-id=\"74d3539\" data-element_type=\"widget\" data-widget_type=\"call-to-action.default\">\n\t\t\t\t<div class=\"elementor-widget-container\">\n\t\t\t\t\t\t\t<div class=\"elementor-cta\">\n\t\t\t\t\t<div class=\"elementor-cta__bg-wrapper\">\n\t\t\t\t<div class=\"elementor-cta__bg elementor-bg\" style=\"background-image: url(https:\/\/yasesteticafigueres.com\/wp-content\/uploads\/2023\/04\/masajista-haciendo-masaje-anticelulitico-al-cliente-salon-belleza-spa-aceite_343596-4267.jpg);\" role=\"img\" aria-label=\"massatgista-fent-massatge-anticel\u00b7lulitic-al-client-salon-bellesa-spa-oli_343596-4267\"><\/div>\n\t\t\t\t<div class=\"elementor-cta__bg-overlay\"><\/div>\n\t\t\t<\/div>\n\t\t\t\t\t\t\t<div class=\"elementor-cta__content\">\n\t\t\t\t\n\t\t\t\t\t\t\t\t\t<h3 class=\"elementor-cta__title elementor-cta__content-item elementor-content-item elementor-animated-item--grow\">\n\t\t\t\t\t\tTractaments amb aparells\t\t\t\t\t<\/h3>\n\t\t\t\t\n\t\t\t\t\n\t\t\t\t\t\t\t\t\t<div class=\"elementor-cta__button-wrapper elementor-cta__content-item elementor-content-item elementor-animated-item--grow\">\n\t\t\t\t\t<a class=\"elementor-cta__button elementor-button elementor-size-\" href=\"https:\/\/yasesteticafigueres.com\/ca\/tratamientos-corporales-con-aparatologia\/\">\n\t\t\t\t\t\tVeure tractaments\t\t\t\t\t<\/a>\n\t\t\t\t\t<\/div>\n\t\t\t\t\t\t\t<\/div>\n\t\t\t\t\t\t<\/div>\n\t\t\t\t\t\t<\/div>\n\t\t\t\t<\/div>\n\t\t\t\t\t<\/div>\n\t\t<\/div>\n\t\t\t\t<div class=\"elementor-column elementor-col-50 elementor-top-column elementor-element elementor-element-bca9608\" data-id=\"bca9608\" data-element_type=\"column\" data-settings=\"{&quot;background_background&quot;:&quot;classic&quot;}\">\n\t\t\t<div class=\"elementor-widget-wrap elementor-element-populated\">\n\t\t\t\t\t<div class=\"elementor-background-overlay\"><\/div>\n\t\t\t\t\t\t<div class=\"elementor-element elementor-element-38661de elementor-cta--skin-cover elementor-animated-content elementor-bg-transform elementor-bg-transform-zoom-in elementor-widget elementor-widget-call-to-action\" data-id=\"38661de\" data-element_type=\"widget\" data-widget_type=\"call-to-action.default\">\n\t\t\t\t<div class=\"elementor-widget-container\">\n\t\t\t\t\t\t\t<div class=\"elementor-cta\">\n\t\t\t\t\t<div class=\"elementor-cta__bg-wrapper\">\n\t\t\t\t<div class=\"elementor-cta__bg elementor-bg\" style=\"background-image: url(https:\/\/yasesteticafigueres.com\/wp-content\/uploads\/2023\/04\/joven-recibiendo-masaje-espalda-centro-spa_1139-1142.jpg);\" role=\"img\" aria-label=\"jove-rebent-massatge-esquena-centre-spa_1139-1142\"><\/div>\n\t\t\t\t<div class=\"elementor-cta__bg-overlay\"><\/div>\n\t\t\t<\/div>\n\t\t\t\t\t\t\t<div class=\"elementor-cta__content\">\n\t\t\t\t\n\t\t\t\t\t\t\t\t\t<h3 class=\"elementor-cta__title elementor-cta__content-item elementor-content-item elementor-animated-item--grow\">\n\t\t\t\t\t\tTer\u00e0pies corporals\t\t\t\t\t<\/h3>\n\t\t\t\t\n\t\t\t\t\n\t\t\t\t\t\t\t\t\t<div class=\"elementor-cta__button-wrapper elementor-cta__content-item elementor-content-item elementor-animated-item--grow\">\n\t\t\t\t\t<a class=\"elementor-cta__button elementor-button elementor-size-\" href=\"https:\/\/yasesteticafigueres.com\/ca\/terapias-corporales\/\">\n\t\t\t\t\t\tVeure tractaments\t\t\t\t\t<\/a>\n\t\t\t\t\t<\/div>\n\t\t\t\t\t\t\t<\/div>\n\t\t\t\t\t\t<\/div>\n\t\t\t\t\t\t<\/div>\n\t\t\t\t<\/div>\n\t\t\t\t\t<\/div>\n\t\t<\/div>\n\t\t\t\t\t<\/div>\n\t\t<\/section>\n\t\t\t\t<\/div>","protected":false},"excerpt":{"rendered":"<p>Tratamientos corporales en Figueres Conozca todos nuestros\u00a0tratamientos corporales.\u00a0En\u00a0Yas est\u00e8tica Figueres contamos con la aparatolog\u00eda adecuada para los siguientes tratamientos\u00a0adelgazantes, moldeadores, drenantes, post-liposucci\u00f3n, reafirmantes, anticeluliticos, antiestrias&#8230; Todo esto en\u00a0Figueres.\u00a0Contacta con nosotros y p\u00eddenos toda la informaci\u00f3n que necesites, te la daremos sin compromiso alguno. Adem\u00e1s, tambi\u00e9n vas a contar con el asesoramiento de nuestros profesionales.\u00a0 Tratamientos [&hellip;]<\/p>","protected":false},"author":1,"featured_media":0,"parent":0,"menu_order":0,"comment_status":"closed","ping_status":"closed","template":"","meta":{"site-sidebar-layout":"no-sidebar","site-content-layout":"page-builder","ast-site-content-layout":"default","site-content-style":"default","site-sidebar-style":"default","ast-global-header-display":"","ast-banner-title-visibility":"","ast-main-header-display":"","ast-hfb-above-header-display":"","ast-hfb-below-header-display":"","ast-hfb-mobile-header-display":"","site-post-title":"disabled","ast-breadcrumbs-content":"disabled","ast-featured-img":"disabled","footer-sml-layout":"","theme-transparent-header-meta":"disabled","adv-header-id-meta":"","stick-header-meta":"","header-above-stick-meta":"","header-main-stick-meta":"","header-below-stick-meta":"","astra-migrate-meta-layouts":"default","ast-page-background-enabled":"default","ast-page-background-meta":{"desktop":{"background-color":"","background-image":"","background-repeat":"repeat","background-position":"center center","background-size":"auto","background-attachment":"scroll","background-type":"","background-media":"","overlay-type":"","overlay-color":"","overlay-opacity":"","overlay-gradient":""},"tablet":{"background-color":"","background-image":"","background-repeat":"repeat","background-position":"center center","background-size":"auto","background-attachment":"scroll","background-type":"","background-media":"","overlay-type":"","overlay-color":"","overlay-opacity":"","overlay-gradient":""},"mobile":{"background-color":"","background-image":"","background-repeat":"repeat","background-position":"center center","background-size":"auto","background-attachment":"scroll","background-type":"","background-media":"","overlay-type":"","overlay-color":"","overlay-opacity":"","overlay-gradient":""}},"ast-content-background-meta":{"desktop":{"background-color":"var(--ast-global-color-5)","background-image":"","background-repeat":"repeat","background-position":"center center","background-size":"auto","background-attachment":"scroll","background-type":"","background-media":"","overlay-type":"","overlay-color":"","overlay-opacity":"","overlay-gradient":""},"tablet":{"background-color":"var(--ast-global-color-5)","background-image":"","background-repeat":"repeat","background-position":"center center","background-size":"auto","background-attachment":"scroll","background-type":"","background-media":"","overlay-type":"","overlay-color":"","overlay-opacity":"","overlay-gradient":""},"mobile":{"background-color":"var(--ast-global-color-5)","background-image":"","background-repeat":"repeat","background-position":"center center","background-size":"auto","background-attachment":"scroll","background-type":"","background-media":"","overlay-type":"","overlay-color":"","overlay-opacity":"","overlay-gradient":""}},"_joinchat":[],"footnotes":""},"class_list":["post-1028","page","type-page","status-publish","hentry"],"yoast_head":"<!-- This site is optimized with the Yoast SEO plugin v25.5 - https:\/\/yoast.com\/wordpress\/plugins\/seo\/ -->\n<title>Tratamientos corporales - Yas Est\u00e8tica Figueres<\/title>\n<meta name=\"robots\" content=\"index, follow, max-snippet:-1, max-image-preview:large, max-video-preview:-1\" \/>\n<link rel=\"canonical\" href=\"https:\/\/yasesteticafigueres.com\/ca\/tratamientos-corporales\/\" \/>\n<meta property=\"og:locale\" content=\"ca_ES\" \/>\n<meta property=\"og:type\" content=\"article\" \/>\n<meta property=\"og:title\" content=\"Tratamientos corporales - Yas Est\u00e8tica Figueres\" \/>\n<meta property=\"og:description\" content=\"Tratamientos corporales en Figueres Conozca todos nuestros\u00a0tratamientos corporales.\u00a0En\u00a0Yas est\u00e8tica Figueres contamos con la aparatolog\u00eda adecuada para los siguientes tratamientos\u00a0adelgazantes, moldeadores, drenantes, post-liposucci\u00f3n, reafirmantes, anticeluliticos, antiestrias&#8230; Todo esto en\u00a0Figueres.\u00a0Contacta con nosotros y p\u00eddenos toda la informaci\u00f3n que necesites, te la daremos sin compromiso alguno. Adem\u00e1s, tambi\u00e9n vas a contar con el asesoramiento de nuestros profesionales.\u00a0 Tratamientos [&hellip;]\" \/>\n<meta property=\"og:url\" content=\"https:\/\/yasesteticafigueres.com\/ca\/tratamientos-corporales\/\" \/>\n<meta property=\"og:site_name\" content=\"Yas Est\u00e8tica Figueres\" \/>\n<meta property=\"article:modified_time\" content=\"2024-10-22T10:43:09+00:00\" \/>\n<meta name=\"twitter:card\" content=\"summary_large_image\" \/>\n<meta name=\"twitter:label1\" content=\"Temps estimat de lectura\" \/>\n\t<meta name=\"twitter:data1\" content=\"1 minut\" \/>\n<script type=\"application\/ld+json\" class=\"yoast-schema-graph\">{\"@context\":\"https:\/\/schema.org\",\"@graph\":[{\"@type\":\"WebPage\",\"@id\":\"https:\/\/yasesteticafigueres.com\/tratamientos-corporales\/\",\"url\":\"https:\/\/yasesteticafigueres.com\/tratamientos-corporales\/\",\"name\":\"Tratamientos corporales - Yas Est\u00e8tica Figueres\",\"isPartOf\":{\"@id\":\"https:\/\/yasesteticafigueres.com\/#website\"},\"datePublished\":\"2023-02-28T22:05:36+00:00\",\"dateModified\":\"2024-10-22T10:43:09+00:00\",\"breadcrumb\":{\"@id\":\"https:\/\/yasesteticafigueres.com\/tratamientos-corporales\/#breadcrumb\"},\"inLanguage\":\"ca\",\"potentialAction\":[{\"@type\":\"ReadAction\",\"target\":[\"https:\/\/yasesteticafigueres.com\/tratamientos-corporales\/\"]}]},{\"@type\":\"BreadcrumbList\",\"@id\":\"https:\/\/yasesteticafigueres.com\/tratamientos-corporales\/#breadcrumb\",\"itemListElement\":[{\"@type\":\"ListItem\",\"position\":1,\"name\":\"Portada\",\"item\":\"https:\/\/yasesteticafigueres.com\/\"},{\"@type\":\"ListItem\",\"position\":2,\"name\":\"Tratamientos corporales\"}]},{\"@type\":\"WebSite\",\"@id\":\"https:\/\/yasesteticafigueres.com\/#website\",\"url\":\"https:\/\/yasesteticafigueres.com\/\",\"name\":\"Yas Est\u00e8tica Figueres\",\"description\":\"Centro de est\u00e9tica en Figueres especializado en p\u00e9rdida de peso, criolip\u00f3lisis, depilaci\u00f3n l\u00e1ser, recuperaci\u00f3n post-operatorio de liposucci\u00f3n y drenaje linf\u00e1tico.\",\"publisher\":{\"@id\":\"https:\/\/yasesteticafigueres.com\/#organization\"},\"potentialAction\":[{\"@type\":\"SearchAction\",\"target\":{\"@type\":\"EntryPoint\",\"urlTemplate\":\"https:\/\/yasesteticafigueres.com\/?s={search_term_string}\"},\"query-input\":{\"@type\":\"PropertyValueSpecification\",\"valueRequired\":true,\"valueName\":\"search_term_string\"}}],\"inLanguage\":\"ca\"},{\"@type\":\"Organization\",\"@id\":\"https:\/\/yasesteticafigueres.com\/#organization\",\"name\":\"Yas Est\u00e8tica Figueres\",\"url\":\"https:\/\/yasesteticafigueres.com\/\",\"logo\":{\"@type\":\"ImageObject\",\"inLanguage\":\"ca\",\"@id\":\"https:\/\/yasesteticafigueres.com\/#\/schema\/logo\/image\/\",\"url\":\"https:\/\/yasesteticafigueres.com\/wp-content\/uploads\/2024\/03\/cropped-WhatsApp-Image-2024-03-10-at-17.38.29.jpeg\",\"contentUrl\":\"https:\/\/yasesteticafigueres.com\/wp-content\/uploads\/2024\/03\/cropped-WhatsApp-Image-2024-03-10-at-17.38.29.jpeg\",\"width\":1600,\"height\":530,\"caption\":\"Yas Est\u00e8tica Figueres\"},\"image\":{\"@id\":\"https:\/\/yasesteticafigueres.com\/#\/schema\/logo\/image\/\"}}]}<\/script>\n<!-- \/ Yoast SEO plugin. -->","yoast_head_json":{"title":"Tratamientos corporales - Yas Est\u00e8tica Figueres","robots":{"index":"index","follow":"follow","max-snippet":"max-snippet:-1","max-image-preview":"max-image-preview:large","max-video-preview":"max-video-preview:-1"},"canonical":"https:\/\/yasesteticafigueres.com\/ca\/tratamientos-corporales\/","og_locale":"ca_ES","og_type":"article","og_title":"Tratamientos corporales - Yas Est\u00e8tica Figueres","og_description":"Tratamientos corporales en Figueres Conozca todos nuestros\u00a0tratamientos corporales.\u00a0En\u00a0Yas est\u00e8tica Figueres contamos con la aparatolog\u00eda adecuada para los siguientes tratamientos\u00a0adelgazantes, moldeadores, drenantes, post-liposucci\u00f3n, reafirmantes, anticeluliticos, antiestrias&#8230; Todo esto en\u00a0Figueres.\u00a0Contacta con nosotros y p\u00eddenos toda la informaci\u00f3n que necesites, te la daremos sin compromiso alguno. Adem\u00e1s, tambi\u00e9n vas a contar con el asesoramiento de nuestros profesionales.\u00a0 Tratamientos [&hellip;]","og_url":"https:\/\/yasesteticafigueres.com\/ca\/tratamientos-corporales\/","og_site_name":"Yas Est\u00e8tica Figueres","article_modified_time":"2024-10-22T10:43:09+00:00","twitter_card":"summary_large_image","twitter_misc":{"Temps estimat de lectura":"1 minut"},"schema":{"@context":"https:\/\/schema.org","@graph":[{"@type":"WebPage","@id":"https:\/\/yasesteticafigueres.com\/tratamientos-corporales\/","url":"https:\/\/yasesteticafigueres.com\/tratamientos-corporales\/","name":"Tratamientos corporales - Yas Est\u00e8tica Figueres","isPartOf":{"@id":"https:\/\/yasesteticafigueres.com\/#website"},"datePublished":"2023-02-28T22:05:36+00:00","dateModified":"2024-10-22T10:43:09+00:00","breadcrumb":{"@id":"https:\/\/yasesteticafigueres.com\/tratamientos-corporales\/#breadcrumb"},"inLanguage":"ca","potentialAction":[{"@type":"ReadAction","target":["https:\/\/yasesteticafigueres.com\/tratamientos-corporales\/"]}]},{"@type":"BreadcrumbList","@id":"https:\/\/yasesteticafigueres.com\/tratamientos-corporales\/#breadcrumb","itemListElement":[{"@type":"ListItem","position":1,"name":"Portada","item":"https:\/\/yasesteticafigueres.com\/"},{"@type":"ListItem","position":2,"name":"Tratamientos corporales"}]},{"@type":"WebSite","@id":"https:\/\/yasesteticafigueres.com\/#website","url":"https:\/\/yasesteticafigueres.com\/","name":"Yas Est\u00e8tica Figueres","description":"Centro de est\u00e9tica en Figueres especializado en p\u00e9rdida de peso, criolip\u00f3lisis, depilaci\u00f3n l\u00e1ser, recuperaci\u00f3n post-operatorio de liposucci\u00f3n y drenaje linf\u00e1tico.","publisher":{"@id":"https:\/\/yasesteticafigueres.com\/#organization"},"potentialAction":[{"@type":"SearchAction","target":{"@type":"EntryPoint","urlTemplate":"https:\/\/yasesteticafigueres.com\/?s={search_term_string}"},"query-input":{"@type":"PropertyValueSpecification","valueRequired":true,"valueName":"search_term_string"}}],"inLanguage":"ca"},{"@type":"Organization","@id":"https:\/\/yasesteticafigueres.com\/#organization","name":"Yas Est\u00e8tica Figueres","url":"https:\/\/yasesteticafigueres.com\/","logo":{"@type":"ImageObject","inLanguage":"ca","@id":"https:\/\/yasesteticafigueres.com\/#\/schema\/logo\/image\/","url":"https:\/\/yasesteticafigueres.com\/wp-content\/uploads\/2024\/03\/cropped-WhatsApp-Image-2024-03-10-at-17.38.29.jpeg","contentUrl":"https:\/\/yasesteticafigueres.com\/wp-content\/uploads\/2024\/03\/cropped-WhatsApp-Image-2024-03-10-at-17.38.29.jpeg","width":1600,"height":530,"caption":"Yas Est\u00e8tica Figueres"},"image":{"@id":"https:\/\/yasesteticafigueres.com\/#\/schema\/logo\/image\/"}}]}},"_links":{"self":[{"href":"https:\/\/yasesteticafigueres.com\/ca\/wp-json\/wp\/v2\/pages\/1028","targetHints":{"allow":["GET"]}}],"collection":[{"href":"https:\/\/yasesteticafigueres.com\/ca\/wp-json\/wp\/v2\/pages"}],"about":[{"href":"https:\/\/yasesteticafigueres.com\/ca\/wp-json\/wp\/v2\/types\/page"}],"author":[{"embeddable":true,"href":"https:\/\/yasesteticafigueres.com\/ca\/wp-json\/wp\/v2\/users\/1"}],"replies":[{"embeddable":true,"href":"https:\/\/yasesteticafigueres.com\/ca\/wp-json\/wp\/v2\/comments?post=1028"}],"version-history":[{"count":0,"href":"https:\/\/yasesteticafigueres.com\/ca\/wp-json\/wp\/v2\/pages\/1028\/revisions"}],"wp:attachment":[{"href":"https:\/\/yasesteticafigueres.com\/ca\/wp-json\/wp\/v2\/media?parent=1028"}],"curies":[{"name":"wp","href":"https:\/\/api.w.org\/{rel}","templated":true}]}}